{"id":942,"date":"2009-11-13T13:13:17","date_gmt":"2009-11-13T11:13:17","guid":{"rendered":"http:\/\/alexhernandez.es\/?page_id=942"},"modified":"2020-03-20T15:24:06","modified_gmt":"2020-03-20T13:24:06","slug":"erotico","status":"publish","type":"page","link":"https:\/\/alexhernandez.es\/en\/obras\/narrativa\/erotico\/","title":{"rendered":"Erotic"},"content":{"rendered":"<p style=\"text-align: justify;\"><a href=\"https:\/\/www.amazon.com\/Cuando-calienta-sol-historias-bestofthebest-ebook\/dp\/B00MRLCLNE\" target=\"_blank\" rel=\"noopener noreferrer\"><img loading=\"lazy\" decoding=\"async\" class=\"alignright wp-image-4658\" src=\"https:\/\/alexhernandez.es\/images\/Cuando-calienta-el-sol.jpg\" sizes=\"auto, (max-width: 300px) 100vw, 300px\" srcset=\"https:\/\/alexhernandez.es\/images\/Cuando-calienta-el-sol-225x300.jpg 225w, https:\/\/alexhernandez.es\/images\/Cuando-calienta-el-sol.jpg 600w\" alt=\"Cuando calienta el sol\" width=\"300\" height=\"400\"><\/a>Adults only! (and Spanish only, too)<\/p>\n<p style=\"text-align: justify;\">I wrote&nbsp;<em>&#8220;<a href=\"#reformas\">Reformas en el Dormitorio<\/a>&#8220;<\/em> (&#8220;Remodeling the bedroom&#8221;) for a &#8220;porno-erotic short story competition&#8221; in 2007. The intention was to make it as inclusive and sexually varied as possible. At the last minute I remembered an older story, <em>&#8220;<a href=\"#pelillos\">Pelillos al amar<\/a>&#8220;<\/em> (&#8220;Hairy love&#8221;), written two years earlier and maybe not exactly erotic, but definitely with a strong sexual component. I presented both to the competition and the peculiar Ediciones Patxi decided they should be awarded together as one and published together with other selected stories in an anthology that was still on sale around 2016 but has since gone out of print.<\/p>\n<h2><a name=\"reformas\"><\/a>Reformas en el dormitorio<\/h2>\n<p>A revised, expanded version was published later on the anthology&nbsp;<strong>Cuando calienta el sol<\/strong>&nbsp;(&#8220;When the sun gets hot&#8221;), on sale in&nbsp;<a href=\"http:\/\/www.editorialcafeconleche.com\/producto\/cuando-calienta-el-sol-diez-historias-eroticas-para-remojarse-edicion-fisica\/\" target=\"_blank\" rel=\"noopener noreferrer\">physical<\/a>&nbsp;and&nbsp;<a href=\"https:\/\/lektu.com\/l\/cafe-con-leche\/cuando-calienta-el-sol\/4718\" target=\"_blank\" rel=\"noopener noreferrer\">digital<\/a>&nbsp;formats (also through&nbsp;<a href=\"https:\/\/www.amazon.com\/Cuando-calienta-sol-historias-bestofthebest-ebook\/dp\/B00MRLCLNE\">Amazon<\/a>).<\/p>\n<h2><a name=\"pelillos\"><\/a>Pelillos al amar<\/h2>\n<p>Sus labios se deslizaron colina abajo por la piel del extranjero. \u00c9l tembl\u00f3 un instante y dijo <em>lo haces muy bien<\/em>. A ella no le gustaba que hablaran, as\u00ed que no dijo nada. Se limit\u00f3 a seguir paseando su lengua por los muslos velludos de aquel desconocido. Luego se detuvo un momento para apartarse de la lengua uno de aquellos vellos largos y encrespados. <em>Pelillos al amar<\/em>, pens\u00f3 ir\u00f3nica, pero el extranjero no pudo ver su sonrisa porque, mientras tanto, se hab\u00eda tumbado sobre la cama ya deshecha.<\/p>\n<p><em>Pelillos al amar<\/em>, pens\u00f3, y sinti\u00f3 que la invad\u00eda una extra\u00f1a nostalgia mientras comenzaba a chupar aquel sexo que, de tan grande, resultaba desagradable. El extranjero jade\u00f3 un poco y dijo algo que ella no entendi\u00f3, probablemente en una lengua extranjera.<\/p>\n<p>En una ocasi\u00f3n, un hombre joven \u2013m\u00e1s joven que el que ahora se acariciaba, desnudo, sobre su cama, y la sujetaba por la nuca\u2013 le hab\u00eda dicho que la quer\u00eda. Pero ella no estaba escuchando. Cuando pudo darse cuenta \u00e9l ya se hab\u00eda marchado. Comoquiera que nunca volvi\u00f3 a verle, supo que hab\u00eda mentido. Sin embargo, le hubiera gustado disfrutar de aquel momento, siquiera aquel instante de feliz espejismo. Pero ella nunca escuchaba cuando ellos hablaban, porque no le gustaba que ellos hablaran. No le gustaba que la llamaran <em>nena<\/em> ni <em>zorra<\/em>, ni que le dieran \u00f3rdenes <em>sigue, nena; m\u00e1s r\u00e1pido, vamos; haz esto, nena, ahora haz aquello<\/em>. Probablemente ninguno le pregunt\u00f3 jam\u00e1s su nombre. Y si alguien lo hizo, ella no estaba escuchando.<\/p>\n<p>El extranjero sac\u00f3 el sexo de su boca y la ayud\u00f3 a incorporarse. Despu\u00e9s la acost\u00f3 en la cama y se tumb\u00f3 lentamente sobre ella. Dijo algo pero ella estaba pensando. Pens\u00f3 que probablemente le doler\u00eda, que era demasiado grande para que no le doliera. Pero no le doli\u00f3, quiz\u00e1 porque \u00e9l hab\u00eda lubricado con la boca antes de penetrar, o quiz\u00e1 porque estaba distra\u00edda pensando en otra cosa. Estaba pensando en sus ojos. Los ojos del extranjero eran claros y limpios, de un azul intenso, pero la observaban con una mirada turbia que no sab\u00eda interpretar. Tal vez no hab\u00eda nada m\u00e1s detr\u00e1s de sus ojos claros; o quiz\u00e1 estaba concentrado en tener cuidado para no hacerle da\u00f1o, o quiz\u00e1 estaba pensando en la mujer frente a quien, esta noche, ella no ser\u00eda m\u00e1s que un suced\u00e1neo.<\/p>\n<p>El extranjero volvi\u00f3 a decir algo. Era la segunda vez que lo repet\u00eda, as\u00ed que pens\u00f3 que deb\u00eda escuchar. Prest\u00f3 atenci\u00f3n. \u00c9l no dijo nada en un rato, pero luego dijo por tercera vez <em>te quiero nena<\/em>. Y eyacul\u00f3 sobre el vientre de ella, que pens\u00f3 que aquel amor hab\u00eda sido quiz\u00e1 el m\u00e1s breve posible.<\/p>\n<p>El extranjero se dej\u00f3 caer a un lado y respir\u00f3 pesadamente. Ella aprovech\u00f3 para airear su cuerpo sudado, y sac\u00f3 de un caj\u00f3n unos pa\u00f1uelos de papel. Pens\u00f3 en el dinero, si \u00e9l pagar\u00eda sin rechistar o ser\u00eda de los que la hac\u00edan perder veinte minutos discutiendo si se hab\u00eda ganado o no los malditos billetes.<\/p>\n<p><em>Te quiero, nenita<\/em>, oy\u00f3 a su espalda, y un brazo velludo y sudoroso le rode\u00f3 la cintura. Ella se volvi\u00f3 y mir\u00f3 al extranjero a los ojos.<\/p>\n<p>\u2013Me gustas mucho, nena. \u00bfCrees que un tipo como yo podr\u00eda salir con una zorrita como t\u00fa? \u2013pens\u00f3 un instante\u2013. Ni siquiera s\u00e9 c\u00f3mo te llamas.<\/p>\n<p>\u2013Marta \u2013dijo ella, y decidi\u00f3 que ser\u00eda genial echarse un novio con una polla tan grande.","protected":false},"excerpt":{"rendered":"<p>Adults only! (and Spanish only, too) I wrote&nbsp;&#8220;Reformas en el Dormitorio&#8220; (&#8220;Remodeling the bedroom&#8221;) for a &#8220;porno-erotic short story competition&#8221; in 2007. The intention was to make it as inclusive and sexually varied as possible. At the last minute I remembered an older story, &#8220;Pelillos al amar&#8220; (&#8220;Hairy love&#8221;), written two years earlier and maybe [&hellip;]<\/p>\n","protected":false},"author":1,"featured_media":0,"parent":938,"menu_order":3,"comment_status":"closed","ping_status":"closed","template":"","meta":{"om_disable_all_campaigns":false,"_monsterinsights_skip_tracking":false,"_monsterinsights_sitenote_active":false,"_monsterinsights_sitenote_note":"","_monsterinsights_sitenote_category":0,"ngg_post_thumbnail":0,"footnotes":""},"class_list":["post-942","page","type-page","status-publish","hentry"],"aioseo_notices":[],"_links":{"self":[{"href":"https:\/\/alexhernandez.es\/en\/wp-json\/wp\/v2\/pages\/942","targetHints":{"allow":["GET"]}}],"collection":[{"href":"https:\/\/alexhernandez.es\/en\/wp-json\/wp\/v2\/pages"}],"about":[{"href":"https:\/\/alexhernandez.es\/en\/wp-json\/wp\/v2\/types\/page"}],"author":[{"embeddable":true,"href":"https:\/\/alexhernandez.es\/en\/wp-json\/wp\/v2\/users\/1"}],"replies":[{"embeddable":true,"href":"https:\/\/alexhernandez.es\/en\/wp-json\/wp\/v2\/comments?post=942"}],"version-history":[{"count":16,"href":"https:\/\/alexhernandez.es\/en\/wp-json\/wp\/v2\/pages\/942\/revisions"}],"predecessor-version":[{"id":6175,"href":"https:\/\/alexhernandez.es\/en\/wp-json\/wp\/v2\/pages\/942\/revisions\/6175"}],"up":[{"embeddable":true,"href":"https:\/\/alexhernandez.es\/en\/wp-json\/wp\/v2\/pages\/938"}],"wp:attachment":[{"href":"https:\/\/alexhernandez.es\/en\/wp-json\/wp\/v2\/media?parent=942"}],"curies":[{"name":"wp","href":"https:\/\/api.w.org\/{rel}","templated":true}]}}