{"id":940,"date":"2009-11-13T13:03:35","date_gmt":"2009-11-13T11:03:35","guid":{"rendered":"http:\/\/alexhernandez.es\/?page_id=940"},"modified":"2020-03-20T15:11:52","modified_gmt":"2020-03-20T13:11:52","slug":"terror","status":"publish","type":"page","link":"https:\/\/alexhernandez.es\/en\/obras\/narrativa\/terror\/","title":{"rendered":"Horror"},"content":{"rendered":"I&#8217;m afraid these 2 short stories are only available in Spanish.<\/p>\n<p><a name=\"autocar\"><\/a><\/p>\n<h2>Autocar nocturno<\/h2>\n<p>Me pareci\u00f3 extra\u00f1o ver un hombre corriendo bajo aquella lluvia. Luego me fij\u00e9 mejor: no corr\u00eda como un hombre. Limpi\u00e9 con la manga del jersey el vaho de mi ventanilla. La figura trotaba medio erguida, pero cada pocos metros parec\u00eda apoyarse tambi\u00e9n por un instante sobre sus extremidades delanteras. En esos momentos se perd\u00eda entre las malas hierbas, para inmediatamente reaparecer de un salto y seguir adelante, a m\u00e1s velocidad si cabe.<\/p>\n<p>El resto de los pasajeros permanec\u00eda dormido, o absorto en los televisores y en sus auriculares, en libros o en revistas, bajo las peque\u00f1as bombillas de sus asientos. Apagu\u00e9 la m\u00eda y apunt\u00e9 hacia la ventanilla el peque\u00f1o conducto de la calefacci\u00f3n. Fuera segu\u00eda oscureciendo, una noche rasgada de agua en los cristales.<\/p>\n<p>Por un momento cre\u00ed haber perdido a la criatura. Supuse que la habr\u00edamos dejado atr\u00e1s, pero al poco volv\u00ed a vislumbrar la sombra de sus movimientos. A\u00fan corr\u00eda en paralelo a la carretera, quiz\u00e1 a menor distancia. Gir\u00f3 la cabeza y la luz del propio autob\u00fas se reflej\u00f3 en sus ojos, que brillaron en la oscuridad como los de un gato, ojos grandes de oso, ojos negros de cuervo que nos miraban, parec\u00edan mirarme a m\u00ed directamente. Me sequ\u00e9 la frente, empezaba a hacer un calor endemoniado. Su rostro estaba cubierto de pelo y por el brillo del agua en su torso supuse que el resto de su cuerpo tambi\u00e9n. Con su paso irregular y acelerado, cambi\u00f3 de direcci\u00f3n para acercarse en l\u00ednea recta, cada vez m\u00e1s r\u00e1pido, hacia el costado del autocar, mientras agachaba la cabeza para embestir.<br \/>\n<a name=\"fundido\"><\/a><\/p>\n<h2>Fundido a negro<\/h2>\n<p>Mientras estudiaba las c\u00e1maras fotogr\u00e1ficas del escaparate, advert\u00ed que otro cliente junto a m\u00ed levantaba la vista hacia los neones del r\u00f3tulo, que parpadeaban con un zumbido inestable, cada vez m\u00e1s mortecino. El centro comercial hab\u00eda quedado en penumbra. Algunos dependientes, extra\u00f1ados por el gradual descenso de la luz, cruzaban miradas dubitativas de un lado a otro del pasillo, mientras el tenue brillo de los enormes hal\u00f3genos que colgaban del techo se segu\u00eda mitigando. Parec\u00eda que la iluminaci\u00f3n dependiera de alg\u00fan generador antiguo que se estuviese quedando sin combustible.<\/p>\n<p>A lo lejos chill\u00f3 una alarma, pero su sonido se debilit\u00f3 velozmente hasta morir. Movidos por un acuerdo mudo, los clientes nos fuimos dirigiendo hacia las salidas, sumidos en un silencio inquieto. Nos detuvimos frente a las puertas, observando el exterior: un cielo gris de anochecer encapotado. Saqu\u00e9 el m\u00f3vil para comprobar la hora, pero se hab\u00eda quedado sin bater\u00eda. Quise preguntarle a un guarda de seguridad que golpeaba in\u00fatilmente su linterna, pero lo envolvieron las sombras antes de que pudiera alcanzarlo. No pod\u00edan ser m\u00e1s de las cuatro de la tarde (tampoco las farolas se hab\u00edan encendido) pero algunos transe\u00fantes se introdujeron en el Centro para huir de la noche repentina. Poco despu\u00e9s, seg\u00fan la oscuridad nos iba engullendo, comenzaron a escucharse los primeros gru\u00f1idos.","protected":false},"excerpt":{"rendered":"<p>I&#8217;m afraid these 2 short stories are only available in Spanish. Autocar nocturno Me pareci\u00f3 extra\u00f1o ver un hombre corriendo bajo aquella lluvia. Luego me fij\u00e9 mejor: no corr\u00eda como un hombre. Limpi\u00e9 con la manga del jersey el vaho de mi ventanilla. La figura trotaba medio erguida, pero cada pocos metros parec\u00eda apoyarse tambi\u00e9n [&hellip;]<\/p>\n","protected":false},"author":1,"featured_media":0,"parent":938,"menu_order":2,"comment_status":"closed","ping_status":"closed","template":"","meta":{"om_disable_all_campaigns":false,"_monsterinsights_skip_tracking":false,"_monsterinsights_sitenote_active":false,"_monsterinsights_sitenote_note":"","_monsterinsights_sitenote_category":0,"ngg_post_thumbnail":0,"footnotes":""},"class_list":["post-940","page","type-page","status-publish","hentry"],"aioseo_notices":[],"_links":{"self":[{"href":"https:\/\/alexhernandez.es\/en\/wp-json\/wp\/v2\/pages\/940","targetHints":{"allow":["GET"]}}],"collection":[{"href":"https:\/\/alexhernandez.es\/en\/wp-json\/wp\/v2\/pages"}],"about":[{"href":"https:\/\/alexhernandez.es\/en\/wp-json\/wp\/v2\/types\/page"}],"author":[{"embeddable":true,"href":"https:\/\/alexhernandez.es\/en\/wp-json\/wp\/v2\/users\/1"}],"replies":[{"embeddable":true,"href":"https:\/\/alexhernandez.es\/en\/wp-json\/wp\/v2\/comments?post=940"}],"version-history":[{"count":12,"href":"https:\/\/alexhernandez.es\/en\/wp-json\/wp\/v2\/pages\/940\/revisions"}],"predecessor-version":[{"id":6173,"href":"https:\/\/alexhernandez.es\/en\/wp-json\/wp\/v2\/pages\/940\/revisions\/6173"}],"up":[{"embeddable":true,"href":"https:\/\/alexhernandez.es\/en\/wp-json\/wp\/v2\/pages\/938"}],"wp:attachment":[{"href":"https:\/\/alexhernandez.es\/en\/wp-json\/wp\/v2\/media?parent=940"}],"curies":[{"name":"wp","href":"https:\/\/api.w.org\/{rel}","templated":true}]}}