{"id":88,"date":"2009-04-12T11:51:11","date_gmt":"2009-04-12T09:51:11","guid":{"rendered":"http:\/\/alexhernandez.es\/?page_id=88"},"modified":"2020-03-24T14:52:20","modified_gmt":"2020-03-24T12:52:20","slug":"compania","status":"publish","type":"page","link":"https:\/\/alexhernandez.es\/en\/obras\/cine\/compania\/","title":{"rendered":"Company"},"content":{"rendered":"<h2>Synopsis<\/h2>\n<p>In today&#8217;s world of rush and racket, keeping the balance between independence and solitude is difficult&#8230; for anyone.<\/p>\n<p style=\"text-align: center;\"><iframe loading=\"lazy\" src=\"https:\/\/www.youtube.com\/embed\/4rTtH1Cq71c\" width=\"560\" height=\"315\" frameborder=\"0\" allowfullscreen=\"allowfullscreen\"><\/iframe><\/p>\n<h2>Cast<\/h2>\n<p><em>Poe:<\/em> Cleo<br \/>\n<em>Boy:<\/em> Chema Caballero<br \/>\n<em> Off:<\/em> \u00c1lex Hern\u00e1ndez<\/p>\n<h2>Crew<\/h2>\n<p><em>Written and directed:<\/em> \u00c1lex Hern\u00e1ndez<br \/>\n<em> Music:<\/em> \u00c1lex Hern\u00e1ndez<br \/>\n<em>Production Assistant:<\/em> Marcos Garc\u00eda<br \/>\n<em> Edicting:<\/em> \u00c1lex Hern\u00e1ndez<br \/>\n<em>Poster Design:<\/em> <a title=\"Fidel Lorite\" href=\"http:\/\/fidellorite.com\/\" target=\"_blank\" rel=\"noopener noreferrer\">Fidel Lorite<\/a><\/p>\n<p><img loading=\"lazy\" decoding=\"async\" class=\"alignnone\" src=\"https:\/\/alexhernandez.es\/images\/compania-sidebar.jpg\" alt=\"Cartel de Compa\u00f1\u00eda\" width=\"300\" height=\"690\" border=\"0\" hspace=\"5\"><\/p>\n<h2>Awards<\/h2>\n<p>First Prize Espacio Libre 2006, Granada, Spain.<\/p>\n<p>Best Script, 1st Latino Americano Poetic Short Film Festival 2008 (New York, US)<\/p>\n<p>Best Script, Espacio Libre 2005 (Granada, Spain)<\/p>\n<h2>Festivals<\/h2>\n<p>Espacio Libre 2006, Granada \u2013 First Prize<br \/>\n2\u00aa Muestra de Cortometrajes \u201cLa Audiencia\u201d, Salamanca \u2013 Official Selection<br \/>\nIII Festival El Plaza en Corto 2007, Madrid \u2013&nbsp;Official Selection<br \/>\nMuestra de Cine de Palafrugell \u2013&nbsp;Official Selection<br \/>\nEnkarzine, Vizcaya \u2013 Herriz Herri Section<a href=\"http:\/\/www.bachidasetola.it\" target=\"_blank\" rel=\"noopener noreferrer\"><br \/>\nPerSe Visioni<\/a>, Polignano a Mare, Italia \u2013&nbsp;Official Selection<br \/>\n1st Latino Americano Poetic Short Film Festival, New York \u2013 Best Script<br \/>\nBroadcast on VU87 from Antena Neox on October 30th, 2008 (program number 172)<br \/>\nProjection at State University of New York, November 20th-21st, 2008<br \/>\n<a title=\"Culture Unplugged\" href=\"http:\/\/www.cultureunplugged.com\" target=\"_blank\" rel=\"noopener noreferrer\">Humanity Explored<\/a>, online festival, December-July 2009<\/p>\n<p><img loading=\"lazy\" decoding=\"async\" class=\"aligncenter\" src=\"https:\/\/alexhernandez.es\/images\/compania-ventana.jpg\" alt=\"Fotograma\" width=\"495\" height=\"280\"><\/p>\n<h2>Soundtrack<\/h2>\n<p>The instrumental track that runs throughout the film was written for the ocassion.<\/p>\n<span id=\"mp3jWrap_1\" class=\"mjp-s-wrapper s-graphic unsel-mjp  sdl_after\"><span id=\"playpause_wrap_mp3j_1\" class=\"wrap_inline_mp3j\" style=\"font-weight:700;\"><span class=\"gfxbutton_mp3j play-mjp\" id=\"playpause_mp3j_1\" style=\"font-size:14px;\">&nbsp;&nbsp;&nbsp;&nbsp;&nbsp;<\/span>&nbsp;<span class=\"group_wrap\"><span class=\"bars_mp3j\"><span class=\"loadB_mp3j\" id=\"load_mp3j_1\"><\/span><span class=\"posbarB_mp3j\" id=\"posbar_mp3j_1\"><\/span><\/span><span class=\"T_mp3j\" id=\"T_mp3j_1\" style=\"font-size:14px;\">Compa\u00f1\u00eda<\/span><span class=\"indi_mp3j\" style=\"font-size:9.8px;\" id=\"statusMI_1\"><\/span><\/span><\/span><\/span><span class=\"s-nosolution\" id=\"mp3j_nosolution_1\" style=\"display:none;\"><\/span><script>\nMP3jPLAYLISTS.inline_1 = [\n\t{ name: \"CompaniaBSO\", formats: [\"mp3\"], mp3: \"aHR0cDovL3d3dy5hbGV4aGVybmFuZGV6LmVzL2F1ZGlvL0NvbXBhbmlhQlNPLm1wMw==\", counterpart:\"\", artist: \"\", image: \"\", imgurl: \"\" }\n];\n<\/script>\n\n<script>MP3jPLAYERS[1] = { list: MP3jPLAYLISTS.inline_1, tr:0, type:'single', lstate:'', loop:false, play_txt:'&nbsp;&nbsp;&nbsp;&nbsp;&nbsp;', pause_txt:'&nbsp;&nbsp;&nbsp;&nbsp;&nbsp;', pp_title:'', autoplay:false, download:true, vol:90, height:'' };<\/script>\n<p>It was later remixed for the opening theme to my <a title=\"Taller Literario\" href=\"https:\/\/alexhernandez.es\/taller-literario\/\" target=\"_blank\" rel=\"noopener noreferrer\">Writing Workshop<\/a>&nbsp;podcast.<\/p>\n<p><img loading=\"lazy\" decoding=\"async\" class=\"aligncenter\" style=\"margin-left: 50px;\" src=\"https:\/\/alexhernandez.es\/images\/compania-cepillo.jpg\" alt=\"Fotograma\" width=\"495\" height=\"280\"><\/p>\n<h2>Remakes<\/h2>\n<p>A team of Audiovisual Communication students from the Universidad Rey Juan Carlos in Madrid shot their own remake of this short film under the title <em>\u201c<a href=\"http:\/\/es.youtube.com\/watch?v=etIBPGveLzk&amp;fmt=18&amp;eurl=https:\/\/alexhernandez.es\">Blanca<\/a>&#8221; <\/em>(click the link to watch on YouTube). Other teams have also requested autorization for further remakes, but this is the only completed project we&#8217;re aware of.","protected":false},"excerpt":{"rendered":"<p>Synopsis In today&#8217;s world of rush and racket, keeping the balance between independence and solitude is difficult&#8230; for anyone. Cast Poe: Cleo Boy: Chema Caballero Off: \u00c1lex Hern\u00e1ndez Crew Written and directed: \u00c1lex Hern\u00e1ndez Music: \u00c1lex Hern\u00e1ndez Production Assistant: Marcos Garc\u00eda Edicting: \u00c1lex Hern\u00e1ndez Poster Design: Fidel Lorite Awards First Prize Espacio Libre 2006, Granada, [&hellip;]<\/p>\n","protected":false},"author":1,"featured_media":0,"parent":68,"menu_order":1,"comment_status":"closed","ping_status":"closed","template":"","meta":{"om_disable_all_campaigns":false,"_monsterinsights_skip_tracking":false,"_monsterinsights_sitenote_active":false,"_monsterinsights_sitenote_note":"","_monsterinsights_sitenote_category":0,"ngg_post_thumbnail":0,"footnotes":""},"class_list":["post-88","page","type-page","status-publish","hentry"],"aioseo_notices":[],"_links":{"self":[{"href":"https:\/\/alexhernandez.es\/en\/wp-json\/wp\/v2\/pages\/88","targetHints":{"allow":["GET"]}}],"collection":[{"href":"https:\/\/alexhernandez.es\/en\/wp-json\/wp\/v2\/pages"}],"about":[{"href":"https:\/\/alexhernandez.es\/en\/wp-json\/wp\/v2\/types\/page"}],"author":[{"embeddable":true,"href":"https:\/\/alexhernandez.es\/en\/wp-json\/wp\/v2\/users\/1"}],"replies":[{"embeddable":true,"href":"https:\/\/alexhernandez.es\/en\/wp-json\/wp\/v2\/comments?post=88"}],"version-history":[{"count":77,"href":"https:\/\/alexhernandez.es\/en\/wp-json\/wp\/v2\/pages\/88\/revisions"}],"predecessor-version":[{"id":6333,"href":"https:\/\/alexhernandez.es\/en\/wp-json\/wp\/v2\/pages\/88\/revisions\/6333"}],"up":[{"embeddable":true,"href":"https:\/\/alexhernandez.es\/en\/wp-json\/wp\/v2\/pages\/68"}],"wp:attachment":[{"href":"https:\/\/alexhernandez.es\/en\/wp-json\/wp\/v2\/media?parent=88"}],"curies":[{"name":"wp","href":"https:\/\/api.w.org\/{rel}","templated":true}]}}