{"id":7,"date":"2009-04-11T01:14:29","date_gmt":"2009-04-10T23:14:29","guid":{"rendered":"http:\/\/alexhernandez.es\/esp\/?page_id=7"},"modified":"2020-03-20T19:38:45","modified_gmt":"2020-03-20T17:38:45","slug":"mrs-carrington","status":"publish","type":"page","link":"https:\/\/alexhernandez.es\/en\/obras\/cine\/mrs-carrington\/","title":{"rendered":"Mrs. Carrington"},"content":{"rendered":"<img loading=\"lazy\" decoding=\"async\" class=\"aligncenter wp-image-6201 size-full\" src=\"http:\/\/alexhernandez.es\/images\/Leona-Querida-y-Chumina.jpg\" alt=\"\" width=\"500\" height=\"332\" srcset=\"https:\/\/alexhernandez.es\/images\/Leona-Querida-y-Chumina.jpg 500w, https:\/\/alexhernandez.es\/images\/Leona-Querida-y-Chumina-300x199.jpg 300w\" sizes=\"auto, (max-width: 500px) 100vw, 500px\" \/><br \/>\n<a href=\"http:\/\/mrscarrington.com\"><img decoding=\"async\" class=\"alignright\" title=\"Mrs. Carrington\" src=\"https:\/\/alexhernandez.es\/images\/mrscarringtonvelo400.jpg\" alt=\"Mrs. Carrington\"><\/a><\/p>\n<h4>Description<\/h4>\n<p>Online serial directed by Fidel Mart\u00ednez. In Spanish with English subtitles. Premiered february 2009.<\/p>\n<h4>Synopsis<\/h4>\n<p>Year 1959. After losing her husband under mysterious circumstances, Leona Carrington finds herself heir to one of the largest fortunes in the United States. From that moment on, Mrs. Carrington gets engulfed in a thick plot of dark secrets and pestered by eccentric characters who try to lay hands on her fortune. Leona, however, is a strong woman who never falls short of resources&#8230;<\/p>\n<h4>Roles<\/h4>\n<p>&#8211; scriptwriter<br \/>\n&#8211; translation and subtitling<br \/>\n&#8211; character The Mysterious Voice<\/p>\n<h4>All episodes<\/h4>\n<p><iframe loading=\"lazy\" src=\"https:\/\/www.youtube.com\/embed\/videoseries?list=PLeByO3Bq3jCX6GKm6O58MumYToQOhUfP4\" cc_load_policy=\"1\" cc_lang_pref=\"en\" width=\"560\" height=\"315\" frameborder=\"0\" allowfullscreen=\"allowfullscreen\"><\/iframe><\/p>\n<h4>Production<\/h4>\n<p>Mrs. Carrington is a budget-zero production, and the first show in the world wholly shot in HD with new-generation DSLR photo cameras.<\/p>\n<h4>Reception<\/h4>\n<p><em>Awards:<\/em> Best personal website <a title=\"Premios Ideal.es\" href=\"http:\/\/premios-web.ideal.es\/\" target=\"_blank\" rel=\"noopener noreferrer\">Ideal.es<\/a> 2009<\/p>\n<p><em>Press (in Spanish)<\/em><em>:<\/em> <a title=\"Ideal\" href=\"http:\/\/www.ideal.es\/granada\/20090218\/cultura\/margot-carrington-20090218.html\" target=\"_blank\" rel=\"noopener noreferrer\">Ideal<\/a> (18-02-2009), <a title=\"La Prohibida en El Pa\u00eds\" href=\"http:\/\/www.elpais.com\/articulo\/portada\/estrellas\/van\/avion\/autobus\/elppor\/20090619elptenpor_8\/Tes\" target=\"_blank\" rel=\"noopener noreferrer\">El Pa\u00eds<\/a> (19-06-2009), <a href=\"http:\/\/www.granadahoy.com\/article\/ocio\/579375\/ambiente\/cine.html\" target=\"_blank\" rel=\"noopener noreferrer\">Granada Hoy<\/a> (05-12-2009), <a href=\"http:\/\/www.granadahoy.com\/article\/granada\/582164\/mrs\/carrington\/lo\/grande.html\" target=\"_blank\" rel=\"noopener noreferrer\">Granada Hoy<\/a> (09-12-2009), <a title=\"Ideal\" href=\"http:\/\/www.ideal.es\/granada\/20091208\/local\/granada\/carrington-hace-pelicula-para-200912081924.html\" target=\"_blank\" rel=\"noopener noreferrer\">Ideal.es<\/a> (front page 09-12-2009), <a title=\"El Impostor\" href=\"http:\/\/www.elimpostor.com\/carrington.html\" target=\"_blank\" rel=\"noopener noreferrer\">El Impostor<\/a> (03-03-2010)<\/p>\n<p><em>Blogs (in Spanish)<\/em><em>:<\/em> <a title=\"Showbitch\" href=\"http:\/\/www.showbitch.net\/art\/ultimo-e-intenso-episodio-de-middle-season-de-mrs-carrington\" target=\"_blank\" rel=\"noopener noreferrer\">Showbitch<\/a>, <a title=\"XatakaFoto\" href=\"http:\/\/www.xatakafoto.com\/camaras\/mrs-carrington-una-serie-grabada-integramente-con-una-nikon-d90\" target=\"_blank\" rel=\"noopener noreferrer\">XatakaFoto<\/a>, <a title=\"Entrevista a Fidel Mart\u00ednez\" href=\"http:\/\/sufridoresencasa.wordpress.com\/2009\/05\/01\/oda-a-la-soap-opera-mrs-carrington\/\" target=\"_blank\" rel=\"noopener noreferrer\">Sufridores en Casa<\/a>, <a title=\"Entrevista con Fidel Mart\u00ednez\" href=\"http:\/\/television.universogay.com\/mrs-carrington-glamour-de-serie__09062009.html\" target=\"_blank\" rel=\"noopener noreferrer\">Universo Gay<\/a>, GayChic, <a href=\"http:\/\/abelaranamedia.blogspot.com\/2009\/11\/lesgai-film-festival-fiesta-en-chicote.html\" target=\"_blank\" rel=\"noopener noreferrer\">Abel Arana<\/a> (<a href=\"http:\/\/abelaranamedia.blogspot.com\/2010\/06\/mrscarrington.html\" target=\"_blank\" rel=\"noopener noreferrer\">twice<\/a>), <a title=\"Mulholland World\" href=\"http:\/\/alforte1970.blogspot.com\/2010\/03\/mrs-carrington.html\" target=\"_blank\" rel=\"noopener noreferrer\">Mulholland World<\/a>, <a title=\"Alaska\" href=\"http:\/\/www.estanochegay.com\/2010\/04\/alaska-en-mrs-carrington\/\" target=\"_blank\" rel=\"noopener noreferrer\">EstaNocheGay<\/a>, <a href=\"http:\/\/jo-sales.blogspot.com\/2010\/02\/mrs-carrington.html\" target=\"_blank\" rel=\"noopener noreferrer\">Jo Sales<\/a> (<a href=\"http:\/\/jo-sales.blogspot.com\/2010\/03\/mrs-carrington-pt2.html\" target=\"_blank\" rel=\"noopener noreferrer\">twice<\/a> and <a href=\"http:\/\/jo-sales.blogspot.com\/2010\/06\/ataques-y-fugas.html\" target=\"_blank\" rel=\"noopener noreferrer\">more<\/a>)&#8230;<\/p>\n<p><em>Social networks:<\/em> <a href=\"http:\/\/www.facebook.com\/mrscarrington\" target=\"_blank\" rel=\"noopener noreferrer\">Facebook<\/a><\/p>\n<h4>Cast<\/h4>\n<p><em>Mrs. Carrington<\/em> &#8211; Margot<br \/>\n<em>Chumina Stafa<\/em> &#8211; Tormenta Garc\u00eda<br \/>\n<em>Richard Colenster<\/em> &#8211; Chema Moreno<br \/>\n<em>The Mistress<\/em> &#8211; La Prohibida<br \/>\n<em>Paolo (chauffeur)<\/em> &#8211; Francisco Molino<br \/>\n<em>Lorenzo<\/em> &#8211; Jorge Hern\u00e1ndez<br \/>\n<em>The Mysterious Voice<\/em> &#8211; \u00c1lex Hern\u00e1ndez-Puertas<br \/>\n<em>Norma Winfrey<\/em> &#8211; Deborah Ombres<br \/>\n<em>Ghost of Christmas Yet To Come<\/em> &#8211; Angelita la Perversa<br \/>\n<em>Fortune-Teller<\/em> &#8211; Olvido Gara &#8220;Alaska&#8221;<br \/>\n<em>Detective Alfred Bates<\/em> &#8211; Javier Corral<\/p>\n<h4>Crew<\/h4>\n<p>Fidel Mart\u00ednez: writer, producer, director, cinematography, post-production<br \/>\n\u00c1lex Hern\u00e1ndez-Puertas: writer, translation and subtitling<br \/>\nAntonio Casas: cinematography, lighting<br \/>\nJavier Bruque: sound<br \/>\nTom\u00e1s Herraiz: wardrobe and props<br \/>\nRicardo Pina: wardrobe<br \/>\nUnderground Hair Factory: hair<br \/>\nFrancisco Porcel: still photographer<br \/>\nMar\u00eda Gay, Carmen Alcaide, Elidia Villar: translation and subtitling<\/p>\n<h4>La novela<\/h4>\n<p>La segunda temporada, a pesar de estar ya escrita, nunca lleg\u00f3 a rodarse, por lo que la serie qued\u00f3 inconclusa. Por eso escribimos la historia completa en <em>Mrs. Carrington, el novel\u00f3n<\/em>. <a href=\"https:\/\/alexhernandez.es\/obras\/narrativa\/mrs-carrington\/\" target=\"_blank\" rel=\"noopener noreferrer\">Pincha aqu\u00ed<\/a> para saber m\u00e1s sobre la novela o comprar un ejemplar.<br \/>\n<a href=\"https:\/\/hausofglitter.es\/es\/tienda\/mrs-carrington\/\"><img loading=\"lazy\" decoding=\"async\" class=\"aligncenter size-full wp-image-6177\" src=\"http:\/\/alexhernandez.es\/images\/Fondo-rosa.jpg\" alt=\"\" width=\"745\" height=\"419\" srcset=\"https:\/\/alexhernandez.es\/images\/Fondo-rosa.jpg 745w, https:\/\/alexhernandez.es\/images\/Fondo-rosa-300x169.jpg 300w\" sizes=\"auto, (max-width: 745px) 100vw, 745px\" \/><\/a><\/p>\n<h4>Official website<\/h4>\n<p><a title=\"Mrs. Carrington\" href=\"http:\/\/www.mrscarrington.com\" target=\"_blank\" rel=\"noopener noreferrer\">MrsCarrington.com<\/a>","protected":false},"excerpt":{"rendered":"<p>Description Online serial directed by Fidel Mart\u00ednez. In Spanish with English subtitles. Premiered february 2009. Synopsis Year 1959. After losing her husband under mysterious circumstances, Leona Carrington finds herself heir to one of the largest fortunes in the United States. From that moment on, Mrs. Carrington gets engulfed in a thick plot of dark secrets [&hellip;]<\/p>\n","protected":false},"author":1,"featured_media":0,"parent":68,"menu_order":4,"comment_status":"closed","ping_status":"open","template":"","meta":{"om_disable_all_campaigns":false,"_monsterinsights_skip_tracking":false,"_monsterinsights_sitenote_active":false,"_monsterinsights_sitenote_note":"","_monsterinsights_sitenote_category":0,"ngg_post_thumbnail":0,"footnotes":""},"class_list":["post-7","page","type-page","status-publish","hentry"],"aioseo_notices":[],"_links":{"self":[{"href":"https:\/\/alexhernandez.es\/en\/wp-json\/wp\/v2\/pages\/7","targetHints":{"allow":["GET"]}}],"collection":[{"href":"https:\/\/alexhernandez.es\/en\/wp-json\/wp\/v2\/pages"}],"about":[{"href":"https:\/\/alexhernandez.es\/en\/wp-json\/wp\/v2\/types\/page"}],"author":[{"embeddable":true,"href":"https:\/\/alexhernandez.es\/en\/wp-json\/wp\/v2\/users\/1"}],"replies":[{"embeddable":true,"href":"https:\/\/alexhernandez.es\/en\/wp-json\/wp\/v2\/comments?post=7"}],"version-history":[{"count":71,"href":"https:\/\/alexhernandez.es\/en\/wp-json\/wp\/v2\/pages\/7\/revisions"}],"predecessor-version":[{"id":272,"href":"https:\/\/alexhernandez.es\/en\/wp-json\/wp\/v2\/pages\/7\/revisions\/272"}],"up":[{"embeddable":true,"href":"https:\/\/alexhernandez.es\/en\/wp-json\/wp\/v2\/pages\/68"}],"wp:attachment":[{"href":"https:\/\/alexhernandez.es\/en\/wp-json\/wp\/v2\/media?parent=7"}],"curies":[{"name":"wp","href":"https:\/\/api.w.org\/{rel}","templated":true}]}}