{"id":6371,"date":"2020-03-24T16:27:34","date_gmt":"2020-03-24T14:27:34","guid":{"rendered":"https:\/\/alexhernandez.es\/?page_id=6371"},"modified":"2020-03-24T16:29:45","modified_gmt":"2020-03-24T14:29:45","slug":"mapa","status":"publish","type":"page","link":"https:\/\/alexhernandez.es\/en\/mapa\/","title":{"rendered":"Sitemap"},"content":{"rendered":"<ul id=\"sitemap_list\" class=\"sitemap_disp_level_0\">\n<li class=\"page_item page-item-4420 page_item_has_children\"><a href=\"https:\/\/alexhernandez.es\/en\/traduccion\/\">Translation<\/a>\n<ul class='children'>\n\t<li class=\"page_item page-item-6411\"><a href=\"https:\/\/alexhernandez.es\/en\/traduccion\/it-couldnt-happen-here\/\">It couldn&#8217;t happen here<\/a><\/li>\n\t<li class=\"page_item page-item-5530\"><a href=\"https:\/\/alexhernandez.es\/en\/traduccion\/canciones-del-capitan\/\">Kapp&#8217;n&#8217;s songs<\/a><\/li>\n\t<li class=\"page_item page-item-2428\"><a href=\"https:\/\/alexhernandez.es\/en\/traduccion\/dork-tower\/\">Dork Tower<\/a><\/li>\n\t<li class=\"page_item page-item-5426\"><a href=\"https:\/\/alexhernandez.es\/en\/traduccion\/doblaje\/\">Voice work<\/a><\/li>\n<\/ul>\n<\/li>\n<li class=\"page_item page-item-4435 page_item_has_children\"><a href=\"https:\/\/alexhernandez.es\/en\/obras\/\">Works<\/a>\n<ul class='children'>\n\t<li class=\"page_item page-item-68 page_item_has_children\"><a href=\"https:\/\/alexhernandez.es\/en\/obras\/cine\/\">Audiovisual<\/a>\n\t<ul class='children'>\n\t\t<li class=\"page_item page-item-88\"><a href=\"https:\/\/alexhernandez.es\/en\/obras\/cine\/compania\/\">Company<\/a><\/li>\n\t\t<li class=\"page_item page-item-5113\"><a href=\"https:\/\/alexhernandez.es\/en\/obras\/cine\/pestanas-asesinas\/\">Killer Eyelashes<\/a><\/li>\n\t\t<li class=\"page_item page-item-5132\"><a href=\"https:\/\/alexhernandez.es\/en\/obras\/cine\/lujoymiseria\/\">Luxury &#038; misery, honey<\/a><\/li>\n\t\t<li class=\"page_item page-item-7\"><a href=\"https:\/\/alexhernandez.es\/en\/obras\/cine\/mrs-carrington\/\">Mrs. Carrington<\/a><\/li>\n\t\t<li class=\"page_item page-item-1256\"><a href=\"https:\/\/alexhernandez.es\/en\/obras\/cine\/goodbye-myra\/\">Goodbye Myra<\/a><\/li>\n\t\t<li class=\"page_item page-item-1255\"><a href=\"https:\/\/alexhernandez.es\/en\/obras\/cine\/the-missing-husband\/\">The Missing Husband<\/a><\/li>\n\t\t<li class=\"page_item page-item-1410\"><a href=\"https:\/\/alexhernandez.es\/en\/obras\/cine\/i-am-not-a-robot\/\">I Am Not A Robot<\/a><\/li>\n\t<\/ul>\n<\/li>\n\t<li class=\"page_item page-item-1166\"><a href=\"https:\/\/alexhernandez.es\/en\/obras\/fotografia\/\">Photography<\/a><\/li>\n\t<li class=\"page_item page-item-147 page_item_has_children\"><a href=\"https:\/\/alexhernandez.es\/en\/obras\/musica\/\">Music<\/a>\n\t<ul class='children'>\n\t\t<li class=\"page_item page-item-4723 page_item_has_children\"><a href=\"https:\/\/alexhernandez.es\/en\/obras\/musica\/teatrofantasma\/\">Teatro Fantasma<\/a>\n\t\t<ul class='children'>\n\t\t\t<li class=\"page_item page-item-4754\"><a href=\"https:\/\/alexhernandez.es\/en\/obras\/musica\/teatrofantasma\/laura-no-esta\/\">Laura no est\u00e1<\/a><\/li>\n\t\t\t<li class=\"page_item page-item-4741\"><a href=\"https:\/\/alexhernandez.es\/en\/obras\/musica\/teatrofantasma\/pestanas-asesinas\/\">Pesta\u00f1as Asesinas<\/a><\/li>\n\t\t\t<li class=\"page_item page-item-4751\"><a href=\"https:\/\/alexhernandez.es\/en\/obras\/musica\/teatrofantasma\/basil-hallward\/\">El sue\u00f1o de Basil Hallward<\/a><\/li>\n\t\t\t<li class=\"page_item page-item-4763\"><a href=\"https:\/\/alexhernandez.es\/en\/obras\/musica\/teatrofantasma\/violencia\/\">Violencia<\/a><\/li>\n\t\t\t<li class=\"page_item page-item-4792\"><a href=\"https:\/\/alexhernandez.es\/en\/obras\/musica\/teatrofantasma\/manana\/\">Ma\u00f1ana (demo)<\/a><\/li>\n\t\t\t<li class=\"page_item page-item-4782\"><a href=\"https:\/\/alexhernandez.es\/en\/obras\/musica\/teatrofantasma\/happy-emo\/\">Happy Emo (demo)<\/a><\/li>\n\t\t<\/ul>\n<\/li>\n\t<\/ul>\n<\/li>\n\t<li class=\"page_item page-item-938 page_item_has_children\"><a href=\"https:\/\/alexhernandez.es\/en\/obras\/narrativa\/\">Fiction<\/a>\n\t<ul class='children'>\n\t\t<li class=\"page_item page-item-6512\"><a href=\"https:\/\/alexhernandez.es\/en\/obras\/narrativa\/lgbtfilms\/\">LGBT+films<\/a><\/li>\n\t\t<li class=\"page_item page-item-6176\"><a href=\"https:\/\/alexhernandez.es\/en\/obras\/narrativa\/mrs-carrington\/\">Mrs. Carrington<\/a><\/li>\n\t\t<li class=\"page_item page-item-6417\"><a href=\"https:\/\/alexhernandez.es\/en\/obras\/narrativa\/podras-perdonarla\/\">Can you forgive her?<\/a><\/li>\n\t\t<li class=\"page_item page-item-4224\"><a href=\"https:\/\/alexhernandez.es\/en\/obras\/narrativa\/la-vida-pese-a-todo\/\">La vida pese a todo<\/a><\/li>\n\t\t<li class=\"page_item page-item-940\"><a href=\"https:\/\/alexhernandez.es\/en\/obras\/narrativa\/terror\/\">Horror<\/a><\/li>\n\t\t<li class=\"page_item page-item-942\"><a href=\"https:\/\/alexhernandez.es\/en\/obras\/narrativa\/erotico\/\">Erotic<\/a><\/li>\n\t<\/ul>\n<\/li>\n\t<li class=\"page_item page-item-125 page_item_has_children\"><a href=\"https:\/\/alexhernandez.es\/en\/obras\/poemas\/\">Poems<\/a>\n\t<ul class='children'>\n\t\t<li class=\"page_item page-item-6275\"><a href=\"https:\/\/alexhernandez.es\/en\/obras\/poemas\/lavaca\/\">Lavaca Moos Back<\/a><\/li>\n\t\t<li class=\"page_item page-item-5178\"><a href=\"https:\/\/alexhernandez.es\/en\/obras\/poemas\/carmen\/\">Laura<\/a><\/li>\n\t\t<li class=\"page_item page-item-132\"><a href=\"https:\/\/alexhernandez.es\/en\/obras\/poemas\/ceniza\/\">Absence<\/a><\/li>\n\t\t<li class=\"page_item page-item-127\"><a href=\"https:\/\/alexhernandez.es\/en\/obras\/poemas\/dream-of-basil-hallward\/\">The dream of Basil Hallward<\/a><\/li>\n\t\t<li class=\"page_item page-item-133\"><a href=\"https:\/\/alexhernandez.es\/en\/obras\/poemas\/edicion-limitada\/\">Please state&#8230;<\/a><\/li>\n\t\t<li class=\"page_item page-item-135\"><a href=\"https:\/\/alexhernandez.es\/en\/obras\/poemas\/rios-de-tinta\/\">Manchester Road<\/a><\/li>\n\t<\/ul>\n<\/li>\n\t<li class=\"page_item page-item-9 page_item_has_children\"><a href=\"https:\/\/alexhernandez.es\/en\/obras\/teatro\/\">Plays<\/a>\n\t<ul class='children'>\n\t\t<li class=\"page_item page-item-140 page_item_has_children\"><a href=\"https:\/\/alexhernandez.es\/en\/obras\/teatro\/elotro\/\">The other man<\/a>\n\t\t<ul class='children'>\n\t\t\t<li class=\"page_item page-item-144\"><a href=\"https:\/\/alexhernandez.es\/en\/obras\/teatro\/elotro\/critica\/\">Review<\/a><\/li>\n\t\t\t<li class=\"page_item page-item-142\"><a href=\"https:\/\/alexhernandez.es\/en\/obras\/teatro\/elotro\/fotos\/\">Photos<\/a><\/li>\n\t\t\t<li class=\"page_item page-item-143\"><a href=\"https:\/\/alexhernandez.es\/en\/obras\/teatro\/elotro\/videos\/\">Videos<\/a><\/li>\n\t\t<\/ul>\n<\/li>\n\t\t<li class=\"page_item page-item-99\"><a href=\"https:\/\/alexhernandez.es\/en\/obras\/teatro\/lascosasqueimportan\/\">The things that matter<\/a><\/li>\n\t\t<li class=\"page_item page-item-3911 page_item_has_children\"><a href=\"https:\/\/alexhernandez.es\/en\/obras\/teatro\/lareformaincompleta\/\">Unfinished masterpiece<\/a>\n\t\t<ul class='children'>\n\t\t\t<li class=\"page_item page-item-52\"><a href=\"https:\/\/alexhernandez.es\/en\/obras\/teatro\/lareformaincompleta\/premio-martin-recuerda-de-teatro\/\">Awards<\/a><\/li>\n\t\t<\/ul>\n<\/li>\n\t\t<li class=\"page_item page-item-3654\"><a href=\"https:\/\/alexhernandez.es\/en\/obras\/teatro\/macbeth\/\">Macbeth<\/a><\/li>\n\t<\/ul>\n<\/li>\n\t<li class=\"page_item page-item-109\"><a href=\"https:\/\/alexhernandez.es\/en\/obras\/premios\/\">Awards<\/a><\/li>\n<\/ul>\n<\/li>\n<li class=\"page_item page-item-137 page_item_has_children\"><a href=\"https:\/\/alexhernandez.es\/en\/taller-literario\/\">Writing Workshop<\/a>\n<ul class='children'>\n\t<li class=\"page_item page-item-1979\"><a href=\"https:\/\/alexhernandez.es\/en\/taller-literario\/sesion-01-piloto\/\">01 Pilot<\/a><\/li>\n\t<li class=\"page_item page-item-1985\"><a href=\"https:\/\/alexhernandez.es\/en\/taller-literario\/sesion-02-empezar\/\">02 Beginnings<\/a><\/li>\n\t<li class=\"page_item page-item-1987\"><a href=\"https:\/\/alexhernandez.es\/en\/taller-literario\/sesion-03-estructura\/\">03 Structure<\/a><\/li>\n\t<li class=\"page_item page-item-1989\"><a href=\"https:\/\/alexhernandez.es\/en\/taller-literario\/sesion-04-capas\/\">04 Layers<\/a><\/li>\n\t<li class=\"page_item page-item-1993\"><a href=\"https:\/\/alexhernandez.es\/en\/taller-literario\/sesion-05-narrador\/\">05 Narrator<\/a><\/li>\n\t<li class=\"page_item page-item-1995\"><a href=\"https:\/\/alexhernandez.es\/en\/taller-literario\/sesion-06-lector-implicito\/\">06 Implied reader<\/a><\/li>\n\t<li class=\"page_item page-item-1997\"><a href=\"https:\/\/alexhernandez.es\/en\/taller-literario\/sesion-07-revision\/\">07 Revision<\/a><\/li>\n\t<li class=\"page_item page-item-1999\"><a href=\"https:\/\/alexhernandez.es\/en\/taller-literario\/sesion-08-la-experiencia\/\">08 Experiences<\/a><\/li>\n\t<li class=\"page_item page-item-2005\"><a href=\"https:\/\/alexhernandez.es\/en\/taller-literario\/sesion-09-dialogos\/\">09 Dialogue<\/a><\/li>\n\t<li class=\"page_item page-item-2007\"><a href=\"https:\/\/alexhernandez.es\/en\/taller-literario\/sesion-10-tiempo\/\">10 Time<\/a><\/li>\n\t<li class=\"page_item page-item-2010\"><a href=\"https:\/\/alexhernandez.es\/en\/taller-literario\/sesion-11-la-imaginacion\/\">11 Imagination<\/a><\/li>\n\t<li class=\"page_item page-item-2012\"><a href=\"https:\/\/alexhernandez.es\/en\/taller-literario\/sesion-12-reparto\/\">12 Cast of characters<\/a><\/li>\n\t<li class=\"page_item page-item-2014\"><a href=\"https:\/\/alexhernandez.es\/en\/taller-literario\/sesion-13-protagonistas\/\">13 Main characters<\/a><\/li>\n\t<li class=\"page_item page-item-2016\"><a href=\"https:\/\/alexhernandez.es\/en\/taller-literario\/sesion-14-secundarios\/\">14 Secondary characters<\/a><\/li>\n\t<li class=\"page_item page-item-2018\"><a href=\"https:\/\/alexhernandez.es\/en\/taller-literario\/sesion-15-creacion-de-personajes\/\">15 Character creation<\/a><\/li>\n\t<li class=\"page_item page-item-2020\"><a href=\"https:\/\/alexhernandez.es\/en\/taller-literario\/sesion-16-caracterizacion-i\/\">16 Characterization I<\/a><\/li>\n\t<li class=\"page_item page-item-2022\"><a href=\"https:\/\/alexhernandez.es\/en\/taller-literario\/sesion-17-caracterizacion-ii\/\">17 Characterization II<\/a><\/li>\n\t<li class=\"page_item page-item-2026\"><a href=\"https:\/\/alexhernandez.es\/en\/taller-literario\/sesion-18-autobiografia\/\">18 Autobiography<\/a><\/li>\n\t<li class=\"page_item page-item-2028\"><a href=\"https:\/\/alexhernandez.es\/en\/taller-literario\/sesion-19-la-pagina-en-blanco\/\">19 Blank page<\/a><\/li>\n\t<li class=\"page_item page-item-2030\"><a href=\"https:\/\/alexhernandez.es\/en\/taller-literario\/sesion-20-visibilidad\/\">20 Visibility<\/a><\/li>\n\t<li class=\"page_item page-item-2032\"><a href=\"https:\/\/alexhernandez.es\/en\/taller-literario\/sesion-21-consultorio\/\">21 Questions answered<\/a><\/li>\n\t<li class=\"page_item page-item-2034\"><a href=\"https:\/\/alexhernandez.es\/en\/taller-literario\/sesion-22-preguntas-sin-respuesta\/\">22 Questions without answer<\/a><\/li>\n\t<li class=\"page_item page-item-2197\"><a href=\"https:\/\/alexhernandez.es\/en\/taller-literario\/23-toma-de-decisiones\/\">23 Decision making<\/a><\/li>\n\t<li class=\"page_item page-item-3336\"><a href=\"https:\/\/alexhernandez.es\/en\/taller-literario\/24-agentes\/\">24 Agents<\/a><\/li>\n\t<li class=\"page_item page-item-3409\"><a href=\"https:\/\/alexhernandez.es\/en\/taller-literario\/25-manga\/\">25 Manga<\/a><\/li>\n\t<li class=\"page_item page-item-3707\"><a href=\"https:\/\/alexhernandez.es\/en\/taller-literario\/26-sintaxis\/\">26 Syntax<\/a><\/li>\n\t<li class=\"page_item page-item-3850\"><a href=\"https:\/\/alexhernandez.es\/en\/taller-literario\/27-vocabulario\/\">27 Vocabulary<\/a><\/li>\n\t<li class=\"page_item page-item-4351\"><a href=\"https:\/\/alexhernandez.es\/en\/taller-literario\/28-voz\/\">28 Voice<\/a><\/li>\n\t<li class=\"page_item page-item-5295\"><a href=\"https:\/\/alexhernandez.es\/en\/taller-literario\/contenido-adicional\/\">Bonus audio<\/a><\/li>\n<\/ul>\n<\/li>\n<li class=\"page_item page-item-5890\"><a href=\"https:\/\/alexhernandez.es\/en\/titulos-disponibles\/\">Published works<\/a><\/li>\n<li class=\"page_item page-item-2040\"><a href=\"https:\/\/alexhernandez.es\/en\/colabora\/\">Contribute<\/a><\/li>\n<li class=\"page_item page-item-5935\"><a href=\"https:\/\/alexhernandez.es\/en\/contacto\/\">Contact<\/a><\/li>\n<li class=\"page_item page-item-6371\"><a href=\"https:\/\/alexhernandez.es\/en\/mapa\/\">Sitemap<\/a><\/li>\n<\/ul>\n\n","protected":false},"excerpt":{"rendered":"<p>Translation It couldn&#8217;t happen here Kapp&#8217;n&#8217;s songs Dork Tower Voice work Works Audiovisual Company Killer Eyelashes Luxury &#038; misery, honey Mrs. Carrington Goodbye Myra The Missing Husband I Am Not A Robot Photography Music Teatro Fantasma Laura no est\u00e1 Pesta\u00f1as Asesinas El sue\u00f1o de Basil Hallward Violencia Ma\u00f1ana (demo) Happy Emo (demo) Fiction LGBT+films Mrs. [&hellip;]<\/p>\n","protected":false},"author":1,"featured_media":0,"parent":0,"menu_order":99,"comment_status":"closed","ping_status":"closed","template":"","meta":{"om_disable_all_campaigns":false,"_monsterinsights_skip_tracking":false,"_monsterinsights_sitenote_active":false,"_monsterinsights_sitenote_note":"","_monsterinsights_sitenote_category":0,"ngg_post_thumbnail":0,"footnotes":""},"class_list":["post-6371","page","type-page","status-publish","hentry"],"aioseo_notices":[],"_links":{"self":[{"href":"https:\/\/alexhernandez.es\/en\/wp-json\/wp\/v2\/pages\/6371","targetHints":{"allow":["GET"]}}],"collection":[{"href":"https:\/\/alexhernandez.es\/en\/wp-json\/wp\/v2\/pages"}],"about":[{"href":"https:\/\/alexhernandez.es\/en\/wp-json\/wp\/v2\/types\/page"}],"author":[{"embeddable":true,"href":"https:\/\/alexhernandez.es\/en\/wp-json\/wp\/v2\/users\/1"}],"replies":[{"embeddable":true,"href":"https:\/\/alexhernandez.es\/en\/wp-json\/wp\/v2\/comments?post=6371"}],"version-history":[{"count":3,"href":"https:\/\/alexhernandez.es\/en\/wp-json\/wp\/v2\/pages\/6371\/revisions"}],"predecessor-version":[{"id":6374,"href":"https:\/\/alexhernandez.es\/en\/wp-json\/wp\/v2\/pages\/6371\/revisions\/6374"}],"wp:attachment":[{"href":"https:\/\/alexhernandez.es\/en\/wp-json\/wp\/v2\/media?parent=6371"}],"curies":[{"name":"wp","href":"https:\/\/api.w.org\/{rel}","templated":true}]}}