{"id":5890,"date":"2020-03-16T17:18:20","date_gmt":"2020-03-16T15:18:20","guid":{"rendered":"http:\/\/alexhernandez.es\/?page_id=5890"},"modified":"2021-06-25T09:00:43","modified_gmt":"2021-06-25T07:00:43","slug":"titulos-disponibles","status":"publish","type":"page","link":"https:\/\/alexhernandez.es\/en\/titulos-disponibles\/","title":{"rendered":"Published works"},"content":{"rendered":"<h2>In English<\/h2>\n<p><a href=\"https:\/\/amzn.to\/37JeQC1\" target=\"_blank\" rel=\"noopener noreferrer\"><img loading=\"lazy\" decoding=\"async\" class=\"size-medium wp-image-4227 alignleft\" title=\"La reforma incompleta\" src=\"https:\/\/alexhernandez.es\/images\/reformaportada200.jpg\" alt=\"La reforma incompleta\" width=\"150\" height=\"207\"><\/a><strong>The Unfinished Masterpiece<\/strong> (stage play, 2008)<br \/>\nRebeca casted a glimmer of hope on the lives of two brothers and one sister who had suffered the oppresion of their strict parental rule. But Rebeca died in unclear circumstances. The refurbishment she was carrying out upon the family mansion was never finished, and thus the house was left a labyrinth in which the siblings, years later, are still looking for an exit.<br \/>\n<em>This play script was awarded the prestigous award IX Premio Mart\u00edn Recuerda de Teatro.<\/em><br \/>\n<a href=\"https:\/\/amzn.to\/3aS762u\">Paperback<\/a> (bilingual edition)<br \/>\n<a href=\"https:\/\/amzn.to\/2QnnBfc\">Digital<\/a><\/p>\n<h2>In Spanish<\/h2>\n<p><a href=\"https:\/\/glitterrific.es\/es\/tienda\/mrs-carrington\/\" target=\"_blank\" rel=\"noopener noreferrer\"><img loading=\"lazy\" decoding=\"async\" class=\"wp-image-5795 size-full alignleft\" src=\"https:\/\/alexhernandez.es\/images\/Libro-portada-peque.jpg\" alt=\"Portada Mrs. Carrington\" width=\"150\" height=\"217\"><\/a><strong>Mrs. Carrington<\/strong> (novel, 2020)<br \/>\nHer husband died under mysterious circumstances, but her troubles have barely started&#8230; Bad times lie ahead! And everyone around multi-million heiress Leona Carrington wants a piece of the cake&#8230;<br \/>\n<em>This novel is based on the<a href=\"https:\/\/alexhernandez.es\/en\/obras\/cine\/mrs-carrington\/\"> popular webseries<\/a>.<\/em><br \/>\n<a href=\"https:\/\/hausofglitter.es\/es\/tienda\/mrs-carrington\/\" target=\"_blank\" rel=\"noopener noreferrer\">Paperback<\/a><br \/>\n<a href=\"https:\/\/amzn.to\/2wetlRk\" target=\"_blank\" rel=\"noopener noreferrer\">Digital<\/a><\/p>\n<p><a href=\"https:\/\/amzn.to\/2uVgYt6\" target=\"_blank\" rel=\"noopener noreferrer\"><img loading=\"lazy\" decoding=\"async\" class=\"wp-image-4658 alignleft\" title=\"\u00bfPodr\u00e1s perdonarla?\" src=\"https:\/\/alexhernandez.es\/images\/Podr%C3%A1s-perdonarla.png\" alt=\"\u00bfPodr\u00e1s perdonarla?\" width=\"150\" height=\"229\"><\/a><a href=\"https:\/\/www.editorialcafeconleche.com\/producto\/pop-101-relatos-musicales\/\" target=\"_blank\" rel=\"noopener noreferrer\"><img loading=\"lazy\" decoding=\"async\" class=\"wp-image-4658 alignright\" title=\"Pop! 10+1 relatos musicales\" src=\"https:\/\/alexhernandez.es\/images\/Pop-3000px-196x300.jpg\" alt=\"Pop! 10+1 relatos musicales\" width=\"150\" height=\"229\"><\/a><strong>\u00bfPodr\u00e1s perdonarla?<\/strong> (short story, 2017)<br \/>\nGerard y el androide hiperrealista Mills tienen una misi\u00f3n: comprobar si la Tierra, abandonada hace 200 a\u00f1os, vuelve a ser habitable. Tener un planeta para \u00e9l solo produce una extra\u00f1a sensaci\u00f3n en Gerard, y la presencia de Mills le hace sentirse m\u00e1s vigilado que acompa\u00f1ado, pero lo que no le deja dormir es el mensaje de su mujer. \u00bfQu\u00e9 quiso decir con eso de que si &#8220;podr\u00e1 perdonarla&#8221;?<br \/>\n<em>Este relato se inspira en la canci\u00f3n &#8220;Can you forgive her?&#8221; de Pet Shop Boys, fusionando la letra con el fant\u00e1stico videoclip de Howard Greenhalgh para crear una visi\u00f3n tragic\u00f3mica del futuro de nuestra especie y pintar un retrato \u00edntimo de un hombre solitario acosado por fantasmas que est\u00e1n a a\u00f1os luz.<br \/>\nPublicado originalmente en la antolog\u00eda &#8220;Pop! 10+1 relatos musicales&#8221; de la Editorial Caf\u00e9 con Leche y disponible tambi\u00e9n en digital en una versi\u00f3n levemente revisada y corregida.<\/em><br \/>\n<a href=\"https:\/\/www.editorialcafeconleche.com\/producto\/pop-101-relatos-musicales\/\" target=\"_blank\" rel=\"noopener noreferrer\">Paperback<\/a><br \/>\n<a href=\"https:\/\/amzn.to\/2uVgYt6\" target=\"_blank\" rel=\"noopener noreferrer\">Digital<\/a><\/p>\n<p><a href=\"https:\/\/amzn.to\/2Pdildf\" target=\"_blank\" rel=\"noopener noreferrer\"><img loading=\"lazy\" decoding=\"async\" class=\"wp-image-4658 alignleft\" title=\"Instinto animal: Quince historias de lobas y cambiaformas\" src=\"https:\/\/alexhernandez.es\/images\/Instinto-animal-224x300.jpg\" alt=\"\" width=\"150\" height=\"200\"><\/a><strong>La metamorfosis de Gregoria S\u00e1nchez<\/strong> (short story, 2015)<br \/>\nUna revisi\u00f3n del cl\u00e1sico de Franz Kafka desde una perspectiva contempor\u00e1nea y dirigida al p\u00fablico adolescente porque, con esa edad, \u00bfqui\u00e9n no se ha sentido un poco bicho?<br \/>\n<em>Publicado en la colecci\u00f3n &#8220;Instinto animal: Quince historias de lobas y cambiaformas&#8221; de la editorial Caf\u00e9 con Leche.<\/em><br \/>\n<a href=\"https:\/\/www.editorialcafeconleche.com\/producto\/instinto-animal-quince-historias-de-lobas-y-cambiaformas-edicion-fisica\/\" target=\"_blank\" rel=\"noopener noreferrer\">Paperback<\/a><br \/>\n<a href=\"https:\/\/amzn.to\/2TS8LPV\" target=\"_blank\" rel=\"noopener noreferrer\">Digital<\/a><\/p>\n<p><a href=\"https:\/\/amzn.to\/2T1kM3X\" target=\"_blank\" rel=\"noopener noreferrer\"><img loading=\"lazy\" decoding=\"async\" class=\"wp-image-4658 alignleft\" title=\"Cuando calienta el sol: Diez historias er\u00f3ticas para remojarse\" src=\"https:\/\/alexhernandez.es\/images\/Cuando-calienta-el-sol-225x300.jpg\" alt=\"Cuando calienta el sol: 10 relatos er\u00f3ticos para remojarse\" width=\"150\" height=\"200\" srcset=\"https:\/\/alexhernandez.es\/images\/Cuando-calienta-el-sol-225x300.jpg 225w, https:\/\/alexhernandez.es\/images\/Cuando-calienta-el-sol.jpg 600w\" sizes=\"auto, (max-width: 150px) 100vw, 150px\" \/><\/a><strong>Reformas en el dormitorio<\/strong> (erotic short story, 2014)<br \/>\nEl final del curso acad\u00e9mico se le complica a un profesor debido a las obras de reforma de la casa que comparte con su esposa. Su vida se convierte en un trasiego de limpiadoras ex\u00f3ticas y fuertes alba\u00f1iles que, junto a las temperaturas en ascenso, lo tienen trastornado. Hasta que, una noche, se decide a probar nuevas experiencias&#8230;<br \/>\n<em>Publicado en la colecci\u00f3n &#8220;Cuando calienta el sol: Diez historias er\u00f3ticas para remojarse&#8221; de la editorial Caf\u00e9 con Leche.<\/em><br \/>\n<a href=\"https:\/\/www.editorialcafeconleche.com\/producto\/cuando-calienta-el-sol-diez-historias-eroticas-para-remojarse-edicion-fisica\/\">Paperback<\/a><br \/>\n<a href=\"https:\/\/amzn.to\/3d6aF6S\" target=\"_blank\" rel=\"noopener noreferrer\">Digital<\/a><\/p>\n<p><a href=\"https:\/\/amzn.to\/2SQjE4l\" target=\"_blank\" rel=\"noopener noreferrer\"><img loading=\"lazy\" decoding=\"async\" class=\"size-medium wp-image-4227 alignleft\" title=\"La vida pese a todo\" src=\"https:\/\/alexhernandez.es\/images\/La-Vida-Pese-A-Todo-portada-189x300.jpg\" alt=\"La vida pese a todo\" width=\"150\" height=\"238\" srcset=\"https:\/\/alexhernandez.es\/images\/La-Vida-Pese-A-Todo-portada-189x300.jpg 189w, https:\/\/alexhernandez.es\/images\/La-Vida-Pese-A-Todo-portada.jpg 572w\" sizes=\"auto, (max-width: 150px) 100vw, 150px\" \/><\/a><strong>La vida pese a todo<\/strong> (novel, 2010)<br \/>\nNacho no tiene que descubrir su homosexualidad, no tiene que salir del armario: todo eso lo tiene ya m\u00e1s que asumido. Vive la noche, la m\u00fasica, el sexo, pero tambi\u00e9n vive ignorante de todo lo que le falta por descubrir: los placeres y sinsabores del amor, las tragedias y alegr\u00edas que depara la vida.<br \/>\n<em>Esta novela, que el autor define como \u201cparcialmente autobiogr\u00e1fica\u201d, rompe los esquemas habituales de la llamada literatura gay. Con su prosa a ratos divertida, por momentos emotiva, nos recuerda que la vida nos trata igual a todos, por muy diferentes que seamos.<\/em><br \/>\n<a href=\"https:\/\/amzn.to\/3d5nbDZ\">Digital<\/a>","protected":false},"excerpt":{"rendered":"<p>In English The Unfinished Masterpiece (stage play, 2008) Rebeca casted a glimmer of hope on the lives of two brothers and one sister who had suffered the oppresion of their strict parental rule. But Rebeca died in unclear circumstances. The refurbishment she was carrying out upon the family mansion was never finished, and thus the [&hellip;]<\/p>\n","protected":false},"author":1,"featured_media":0,"parent":0,"menu_order":5,"comment_status":"closed","ping_status":"closed","template":"","meta":{"om_disable_all_campaigns":false,"_monsterinsights_skip_tracking":false,"_monsterinsights_sitenote_active":false,"_monsterinsights_sitenote_note":"","_monsterinsights_sitenote_category":0,"ngg_post_thumbnail":0,"footnotes":""},"class_list":["post-5890","page","type-page","status-publish","hentry"],"aioseo_notices":[],"_links":{"self":[{"href":"https:\/\/alexhernandez.es\/en\/wp-json\/wp\/v2\/pages\/5890","targetHints":{"allow":["GET"]}}],"collection":[{"href":"https:\/\/alexhernandez.es\/en\/wp-json\/wp\/v2\/pages"}],"about":[{"href":"https:\/\/alexhernandez.es\/en\/wp-json\/wp\/v2\/types\/page"}],"author":[{"embeddable":true,"href":"https:\/\/alexhernandez.es\/en\/wp-json\/wp\/v2\/users\/1"}],"replies":[{"embeddable":true,"href":"https:\/\/alexhernandez.es\/en\/wp-json\/wp\/v2\/comments?post=5890"}],"version-history":[{"count":37,"href":"https:\/\/alexhernandez.es\/en\/wp-json\/wp\/v2\/pages\/5890\/revisions"}],"predecessor-version":[{"id":6474,"href":"https:\/\/alexhernandez.es\/en\/wp-json\/wp\/v2\/pages\/5890\/revisions\/6474"}],"wp:attachment":[{"href":"https:\/\/alexhernandez.es\/en\/wp-json\/wp\/v2\/media?parent=5890"}],"curies":[{"name":"wp","href":"https:\/\/api.w.org\/{rel}","templated":true}]}}