{"id":5132,"date":"2016-08-17T16:22:55","date_gmt":"2016-08-17T14:22:55","guid":{"rendered":"http:\/\/alexhernandez.es\/?page_id=5132"},"modified":"2020-03-17T18:38:51","modified_gmt":"2020-03-17T16:38:51","slug":"lujoymiseria","status":"publish","type":"page","link":"https:\/\/alexhernandez.es\/en\/obras\/cine\/lujoymiseria\/","title":{"rendered":"Luxury &#038; misery, honey"},"content":{"rendered":"<img loading=\"lazy\" decoding=\"async\" class=\"alignright\" style=\"margin-left: 20px; margin-right: 20px;\" title=\"Tarjetas de Sasha\" src=\"https:\/\/alexhernandez.es\/images\/L&amp;Mtarjetas.jpg\" alt=\"Tarjetas de Sasha\" width=\"200\" height=\"875\" longdesc=\"Tarjetas de Sasha\" align=\"right\" \/><\/p>\n<div>\n<h2>Destiny holds something in store\u2026<\/h2>\n<\/div>\n<p>Shopaholics Evelyn, Sasha, Paola and Nube are the most admired and despised girls in town. They have all they want\u2026 and they want it all!<\/p>\n<p>Unfortunately for them, an unexpected holocaust will leave them the only survivors in a devastated world, alone with their miseries. They will set on a quest to find other survivors\u2026 if they can survive each other!<\/p>\n<div style=\"padding-left: 50px;\">\n<h2>Trailers<\/h2>\n<div align=\"center\"><iframe loading=\"lazy\" src=\"https:\/\/www.youtube.com\/embed\/X0I9zxCdGu8\" width=\"420\" height=\"315\" frameborder=\"0\" allowfullscreen=\"allowfullscreen\"><\/iframe><\/div>\n<\/p>\n<div align=\"center\"><iframe loading=\"lazy\" src=\"https:\/\/www.youtube.com\/embed\/sc9E2XZ7AzI\" width=\"560\" height=\"315\" frameborder=\"0\" allowfullscreen=\"allowfullscreen\"><\/iframe><\/div>\n<\/div>\n<h2>Crew<\/h2>\n<div style=\"padding-left: 50px;\">\n<p><strong>Director:<\/strong> <a title=\"Fidel Lorite\" href=\"http:\/\/fidellorite.com\/\" target=\"_blank\" rel=\"noopener noreferrer\">Fidel Lorite<\/a><br \/>\n<strong>Script:<\/strong> <a href=\"https:\/\/alexhernandez.es\" target=\"_blank\" rel=\"noopener noreferrer\">\u00c1lex Hern\u00e1ndez<\/a> &amp; <a title=\"Fidel Lorite\" href=\"http:\/\/fidellorite.com\/\" target=\"_blank\" rel=\"noopener noreferrer\">Fidel Lorite<\/a><\/p>\n<p><strong>Main Photography:<\/strong> <a href=\"http:\/\/antoniocasas.es\/\" target=\"_blank\" rel=\"noopener noreferrer\">Antonio Casas<\/a> &amp; <a href=\"https:\/\/www.flickr.com\/photos\/93506897@N04\/\" target=\"_blank\" rel=\"nofollow noopener noreferrer\">\u00c1ngel M. C.<\/a><br \/>\n<strong>Camera Operator:<\/strong> Jos\u00e9 Cillero<br \/>\n<strong>Still Photography:<\/strong> <a href=\"http:\/\/www.franciscoporcel.es\/\" target=\"_blank\" rel=\"noopener noreferrer\">Francisco Porcel<\/a><br \/>\n<strong>Script:<\/strong> Laura Egea<br \/>\n<strong>Stylist:<\/strong> Noem\u00ed Mart\u00edn<br \/>\n<strong>Hair &amp; Make-Up:<\/strong> <a href=\"http:\/\/www.undergroundhairfactory.com\/\" target=\"_blank\" rel=\"noopener noreferrer\">Underground Hair Factory<\/a><br \/>\n<strong>Make-Up Effects:<\/strong> Sandra Sobrino<br \/>\n<strong>Production Assistants:<\/strong> <a href=\"http:\/\/albarroland.blogspot.com\/\" target=\"_blank\" rel=\"noopener noreferrer\">\u00c1lvaro Maldonado<\/a>, Javier Bruque, Tom\u00e1s Herr\u00e1iz<br \/>\n<strong>Making Of:<\/strong> <a href=\"http:\/\/aldery.livejournal.com\/\" target=\"_blank\" rel=\"nofollow noopener noreferrer\">Elidia Villar<\/a><\/p>\n<p><strong>Soundtrack:<\/strong> \u201cCuando el Mundo se Acabe\u201d, by <a title=\"Teatro Fantasma\" href=\"https:\/\/alexhernandez.es\/obras\/musica\/teatrofantasma\/\" target=\"_blank\" rel=\"noopener noreferrer\">Teatro Fantasma<\/a><\/p>\n<\/div>\n<h2>Cast<\/h2>\n<div style=\"padding-left: 50px;\">\n<p><strong>Evelyn:<\/strong> <a href=\"http:\/\/www.entreactores.com\/anagallegocoin\/\" target=\"_blank\" rel=\"noopener noreferrer\">Ana Gallego-Co\u00edn<\/a><br \/>\n<strong>Paola:<\/strong> Olga Izquierdo<br \/>\n<strong>Nube:<\/strong> Noelia Ruiz<br \/>\n<strong>Sasha:<\/strong> Ver\u00f3nica Larios<\/p>\n<p><strong>Reporter:<\/strong> Francisco Porcel<br \/>\n<strong>Butler:<\/strong> Tom\u00e1s Herr\u00e1iz<br \/>\n<strong>Hunks:<\/strong> Jorge Hern\u00e1ndez, Ra\u00fal, Luismi, Angel M.C., Francisco Jos\u00e9 Mar\u00edn, Salvador, Javier Bruque, Tom\u00e1s Herr\u00e1iz<br \/>\n<strong><em>Vague<\/em> Cover Model:<\/strong> Elidia Villar\n<\/div>\n<div>\n<h2>Special FX<\/h2>\n<\/div>\n<p style=\"padding-left: 50px;\">We\u2019re looking for collaborators to finish special effects and post-production. If you are interested or want to know more, drop us a line through the <a href=\"https:\/\/alexhernandez.es\/en\/contacto\/\">contact form<\/a>. You can see the kind of finishing we\u2019re looking for in this shot by <a href=\"https:\/\/www.youtube.com\/channel\/UC8m0JrFe2UdQGGyBF8CWUPw\" target=\"_blank\" rel=\"noopener noreferrer\">Miguel \u00c1ngel Iglesia<\/a>.<\/p>\n<p style=\"text-align: center;\"><iframe loading=\"lazy\" width=\"560\" height=\"315\" src=\"https:\/\/www.youtube.com\/embed\/lLfO9n1lGHQ\" frameborder=\"0\" allowfullscreen><\/iframe><\/p>\n<h2>Shooting Stills<\/h2>\n<p style=\"padding-left: 50px;\">Photographs by <a href=\"https:\/\/www.flickr.com\/photos\/93506897@N04\/\" target=\"_blank\" rel=\"nofollow noopener noreferrer\">\u00c1ngel M. C.<\/a>, <a href=\"http:\/\/www.flickr.com\/photos\/elfrancotiradordelacamara\/\" target=\"_blank\" rel=\"noopener noreferrer\">Francisco Porcel<\/a> \u201cFranc-tireur\u201d and <a href=\"http:\/\/www.flickr.com\/photos\/antoniocasas\/tags\/lujoymiseriat%C3%ADa\/\" target=\"_blank\" rel=\"noopener noreferrer\">Antonio Casas<\/a>.<\/p>\n<p style=\"text-align: center;\"><img loading=\"lazy\" decoding=\"async\" src=\"https:\/\/alexhernandez.es\/images\/L&amp;M03.jpg\" alt=\"\" width=\"350\" height=\"234\" \/> <img loading=\"lazy\" decoding=\"async\" src=\"https:\/\/alexhernandez.es\/images\/L&amp;M04.jpg\" alt=\"\" width=\"350\" height=\"234\" \/><\/p>\n<p style=\"text-align: center;\"><img loading=\"lazy\" decoding=\"async\" src=\"https:\/\/alexhernandez.es\/images\/L&amp;M05.jpg\" alt=\"\" width=\"350\" height=\"234\" \/> <img loading=\"lazy\" decoding=\"async\" src=\"https:\/\/alexhernandez.es\/images\/L&amp;M06.jpg\" alt=\"\" width=\"350\" height=\"234\" \/><\/p>\n<p style=\"text-align: center;\"><img loading=\"lazy\" decoding=\"async\" src=\"https:\/\/alexhernandez.es\/images\/L&amp;M07.jpg\" alt=\"\" width=\"350\" height=\"234\" \/> <img loading=\"lazy\" decoding=\"async\" src=\"https:\/\/alexhernandez.es\/images\/L&amp;M08.jpg\" alt=\"\" width=\"350\" height=\"234\" \/><\/p>\n<p style=\"text-align: center;\"><img loading=\"lazy\" decoding=\"async\" src=\"https:\/\/alexhernandez.es\/images\/L&amp;M09.jpg\" alt=\"\" width=\"350\" height=\"234\" \/> <img loading=\"lazy\" decoding=\"async\" src=\"https:\/\/alexhernandez.es\/images\/L&amp;M10.jpg\" alt=\"\" width=\"350\" height=\"234\" \/><\/p>\n<p style=\"text-align: center;\"><img loading=\"lazy\" decoding=\"async\" src=\"https:\/\/alexhernandez.es\/images\/L&amp;M11.jpg\" alt=\"\" width=\"350\" height=\"234\" \/> <img loading=\"lazy\" decoding=\"async\" src=\"https:\/\/alexhernandez.es\/images\/L&amp;M12.jpg\" alt=\"\" width=\"350\" height=\"234\" \/><\/p>\n<p style=\"text-align: center;\"><img loading=\"lazy\" decoding=\"async\" src=\"https:\/\/alexhernandez.es\/images\/L&amp;M4oh.jpg\" alt=\"\" width=\"350\" height=\"197\" \/> <img loading=\"lazy\" decoding=\"async\" src=\"https:\/\/alexhernandez.es\/images\/L&amp;M4sandalias.jpg\" alt=\"\" width=\"350\" height=\"197\" \/><\/p>\n<p style=\"text-align: center;\"><img loading=\"lazy\" decoding=\"async\" src=\"https:\/\/alexhernandez.es\/images\/LyMvague300.jpg\" alt=\"Revista Vague\" width=\"300\" height=\"427\" longdesc=\"Revista Vague\" \/><\/p>\n<p style=\"text-align: center;\"><strong>Coming soon!<\/strong><\/p>","protected":false},"excerpt":{"rendered":"<p>Destiny holds something in store\u2026 Shopaholics Evelyn, Sasha, Paola and Nube are the most admired and despised girls in town. They have all they want\u2026 and they want it all! Unfortunately for them, an unexpected holocaust will leave them the only survivors in a devastated world, alone with their miseries. They will set on a [&hellip;]<\/p>\n","protected":false},"author":1,"featured_media":0,"parent":68,"menu_order":3,"comment_status":"closed","ping_status":"closed","template":"","meta":{"om_disable_all_campaigns":false,"_monsterinsights_skip_tracking":false,"_monsterinsights_sitenote_active":false,"_monsterinsights_sitenote_note":"","_monsterinsights_sitenote_category":0,"ngg_post_thumbnail":0,"footnotes":""},"class_list":["post-5132","page","type-page","status-publish","hentry"],"aioseo_notices":[],"_links":{"self":[{"href":"https:\/\/alexhernandez.es\/en\/wp-json\/wp\/v2\/pages\/5132","targetHints":{"allow":["GET"]}}],"collection":[{"href":"https:\/\/alexhernandez.es\/en\/wp-json\/wp\/v2\/pages"}],"about":[{"href":"https:\/\/alexhernandez.es\/en\/wp-json\/wp\/v2\/types\/page"}],"author":[{"embeddable":true,"href":"https:\/\/alexhernandez.es\/en\/wp-json\/wp\/v2\/users\/1"}],"replies":[{"embeddable":true,"href":"https:\/\/alexhernandez.es\/en\/wp-json\/wp\/v2\/comments?post=5132"}],"version-history":[{"count":18,"href":"https:\/\/alexhernandez.es\/en\/wp-json\/wp\/v2\/pages\/5132\/revisions"}],"predecessor-version":[{"id":6116,"href":"https:\/\/alexhernandez.es\/en\/wp-json\/wp\/v2\/pages\/5132\/revisions\/6116"}],"up":[{"embeddable":true,"href":"https:\/\/alexhernandez.es\/en\/wp-json\/wp\/v2\/pages\/68"}],"wp:attachment":[{"href":"https:\/\/alexhernandez.es\/en\/wp-json\/wp\/v2\/media?parent=5132"}],"curies":[{"name":"wp","href":"https:\/\/api.w.org\/{rel}","templated":true}]}}