{"id":5113,"date":"2016-08-17T15:40:49","date_gmt":"2016-08-17T13:40:49","guid":{"rendered":"http:\/\/alexhernandez.es\/?page_id=5113"},"modified":"2020-03-24T15:02:38","modified_gmt":"2020-03-24T13:02:38","slug":"pestanas-asesinas","status":"publish","type":"page","link":"https:\/\/alexhernandez.es\/en\/obras\/cine\/pestanas-asesinas\/","title":{"rendered":"Killer Eyelashes"},"content":{"rendered":"<em>Roles:<br \/>\n<\/em>\u2013 direction assistant<br \/>\n\u2013 character Hombre Trajeado (Man in Suit)<br \/>\n\u2013 <a title=\"Banda Sonora\" href=\"http:\/\/fidellorite.com\/works\/music\/pestanas-asesinas\/\" target=\"_blank\" rel=\"nofollow noopener noreferrer\">soundtrack<\/a> &amp; title theme <em>\u201c<a title=\"Escucha 'Pesta\u00f1as Asesinas'\" href=\"http:\/\/www.teatrofantasma.es\/musica\/pestanas-asesinas\" target=\"_blank\" rel=\"noopener noreferrer\">Killer Eyelashes<\/a>\u201c<\/em> with <a title=\"Teatro Fantasma\" href=\"http:\/\/www.teatrofantasma.es\/\" target=\"_blank\" rel=\"noopener noreferrer\">Teatro Fantasma<\/a><\/p>\n<p><img loading=\"lazy\" decoding=\"async\" class=\"alignnone\" title=\"photo by Angel M. C.\" src=\"https:\/\/alexhernandez.es\/images\/pestanasasesinassingle1.jpg\" alt=\"Pesta\u00f1as Asesinas\" width=\"400\" height=\"400\"><\/p>\n<p><em>Description:<\/em> short film\/fake trailer directed by Fidel Mart\u00ednez<\/p>\n<p><em>Premiere:<\/em> January 2008<\/p>\n<p><em>Synopsis:<\/em> A Martian micro-organism has plagued the cosmetics of the world. Three transvestites fight to save the Earth from a hord of blood-thirsty zombies in make-up.<\/p>\n<p><a title=\"Killer Eyelashes\" href=\"http:\/\/fidellorite.com\/works\/video\/pestanas-asesinas\/\" target=\"_blank\" rel=\"nofollow noopener noreferrer\">Official website<\/a><\/p>\n<h2>Soundtrack<\/h2>\n<p>I worked with <a title=\"Fidel Lorite\" href=\"http:\/\/fidellorite.com\/\" target=\"_blank\" rel=\"noopener noreferrer\">Fidel Lorite<\/a> on one theme of <a title=\"Banda Sonora\" href=\"http:\/\/fidellorite.com\/works\/music\/pestanas-asesinas\/\" target=\"_blank\" rel=\"nofollow noopener noreferrer\">the soundtrack<\/a>: the death scene.<\/p>\n<p style=\"text-align: left;\"><span id=\"mp3jWrap_2\" class=\"mjp-s-wrapper s-graphic unsel-mjp  sdl_after\"><span id=\"playpause_wrap_mp3j_2\" class=\"wrap_inline_mp3j\" style=\"font-weight:700;\"><span class=\"gfxbutton_mp3j play-mjp\" id=\"playpause_mp3j_2\" style=\"font-size:14px;\">&nbsp;&nbsp;&nbsp;&nbsp;&nbsp;<\/span>&nbsp;<span class=\"group_wrap\"><span class=\"bars_mp3j\"><span class=\"loadB_mp3j\" id=\"load_mp3j_2\"><\/span><span class=\"posbarB_mp3j\" id=\"posbar_mp3j_2\"><\/span><\/span><span class=\"T_mp3j\" id=\"T_mp3j_2\" style=\"font-size:14px;\">Death of Lady Sperm<\/span><span class=\"indi_mp3j\" style=\"font-size:9.8px;\" id=\"statusMI_2\"><\/span><\/span><\/span><\/span><span class=\"s-nosolution\" id=\"mp3j_nosolution_2\" style=\"display:none;\"><\/span><script>\nMP3jPLAYLISTS.inline_2 = [\n\t{ name: \"muertedeladysperm\", formats: [\"mp3\"], mp3: \"aHR0cHM6Ly9hbGV4aGVybmFuZGV6LmVzL2F1ZGlvL211ZXJ0ZWRlbGFkeXNwZXJtLm1wMw==\", counterpart:\"\", artist: \"\", image: \"\", imgurl: \"\" }\n];\n<\/script>\n\n<script>MP3jPLAYERS[2] = { list: MP3jPLAYLISTS.inline_2, tr:0, type:'single', lstate:'', loop:false, play_txt:'&nbsp;&nbsp;&nbsp;&nbsp;&nbsp;', pause_txt:'&nbsp;&nbsp;&nbsp;&nbsp;&nbsp;', pp_title:'', autoplay:false, download:true, vol:90, height:'' };<\/script>\n<p>My band <a title=\"Teatro Fantasma\" href=\"http:\/\/www.teatrofantasma.es\/\" target=\"_blank\" rel=\"noopener noreferrer\">Teatro Fantasma<\/a> wrote the main theme, <strong>&#8220;Pesta\u00f1as Asesinas&#8221;<\/strong>. You&#8217;ll find more information, lyrics and several versions <a href=\"https:\/\/alexhernandez.es\/en\/obras\/musica\/teatrofantasma\/pestanas-asesinas\/\">here<\/a>.<\/p>\n<p style=\"text-align: left;\"><span id=\"mp3jWrap_3\" class=\"mjp-s-wrapper s-graphic unsel-mjp  sdl_after\"><span id=\"playpause_wrap_mp3j_3\" class=\"wrap_inline_mp3j\" style=\"font-weight:700;\"><span class=\"gfxbutton_mp3j play-mjp\" id=\"playpause_mp3j_3\" style=\"font-size:14px;\">&nbsp;&nbsp;&nbsp;&nbsp;&nbsp;<\/span>&nbsp;<span class=\"group_wrap\"><span class=\"bars_mp3j\"><span class=\"loadB_mp3j\" id=\"load_mp3j_3\"><\/span><span class=\"posbarB_mp3j\" id=\"posbar_mp3j_3\"><\/span><\/span><span class=\"T_mp3j\" id=\"T_mp3j_3\" style=\"font-size:14px;\">Pesta\u00f1as asesinas<\/span><span class=\"indi_mp3j\" style=\"font-size:9.8px;\" id=\"statusMI_3\"><\/span><\/span><\/span><\/span><span class=\"s-nosolution\" id=\"mp3j_nosolution_3\" style=\"display:none;\"><\/span><script>\nMP3jPLAYLISTS.inline_3 = [\n\t{ name: \"pestanas-asesinas\", formats: [\"mp3\"], mp3: \"aHR0cHM6Ly9hbGV4aGVybmFuZGV6LmVzL3RlYXRyb2ZhbnRhc21hL3VwbG9hZHMvcGVzdGFuYXMtYXNlc2luYXMubXAz\", counterpart:\"\", artist: \"\", image: \"\", imgurl: \"\" }\n];\n<\/script>\n\n<script>MP3jPLAYERS[3] = { list: MP3jPLAYLISTS.inline_3, tr:0, type:'single', lstate:'', loop:false, play_txt:'&nbsp;&nbsp;&nbsp;&nbsp;&nbsp;', pause_txt:'&nbsp;&nbsp;&nbsp;&nbsp;&nbsp;', pp_title:'', autoplay:false, download:true, vol:90, height:'' };<\/script>\n<p>You may also <a title=\"Muerte de Lady Sperm\" href=\"https:\/\/alexhernandez.es\/descargas\/PestanasAsesinasBSO.zip\" target=\"_blank\" rel=\"noopener noreferrer\">download the full soundtrack<\/a>: 10 tracks compressed in a zip file.<\/p>\n<h2>The Short Film<\/h2>\n<p style=\"text-align: center;\"><iframe loading=\"lazy\" src=\"https:\/\/www.youtube.com\/embed\/uYvQnELMShA\" width=\"560\" height=\"315\" frameborder=\"0\" allowfullscreen=\"allowfullscreen\"><\/iframe><\/p>\n<h2>Cast<\/h2>\n<p><em>Narrator:<\/em> Ricardo Romero<br \/>\n<em>T\u00f3xica Marvel:<\/em> Marvel<br \/>\n<em>Tormenta Garc\u00eda:<\/em> <a href=\"http:\/\/www.fotolog.com\/tormenta_garcia\" target=\"_blank\" rel=\"noopener noreferrer\">Tormenta Garc\u00eda<\/a><br \/>\n<em>Fuzzy Pussy:<\/em> Margot<br \/>\n<em>Suit:<\/em> <a href=\"..\/\" target=\"_blank\" rel=\"noopener noreferrer\">\u00c1lex Hern\u00e1ndez<\/a><br \/>\n<em>Scientist<\/em><em>s:<\/em> Chema Moreno &amp; <a href=\"http:\/\/aldery.livejournal.com\/\" target=\"_blank\" rel=\"noopener noreferrer\">Elidia Villar<\/a><br \/>\n<em>Zombies:<\/em> Alicia Rodr\u00edguez, <a href=\"http:\/\/www.fotolog.com\/albarroland\" target=\"_blank\" rel=\"noopener noreferrer\">\u00c1lvaro Maldonado<\/a>, Antonio &#8220;Beeton&#8221;, Benjam\u00edn Romero, Carlos Coto, Cristian Puerta, <a href=\"http:\/\/www.fotolog.com\/la_trinu\" target=\"_blank\" rel=\"noopener noreferrer\">Daniel Barreto<\/a>, <a href=\"http:\/\/aldery.livejournal.com\/\" target=\"_blank\" rel=\"noopener noreferrer\">Elidia Villar<\/a>, Fran Robles, <a href=\"http:\/\/naeros.livejournal.com\/\" target=\"_blank\" rel=\"noopener noreferrer\">Gabriel Guerrero<\/a>, Germ\u00e1n Peris, Ion Gardeta, Juanjo Mart\u00ednez, Lorena Guerrero, Luci, Marcos Garc\u00eda, <a href=\"http:\/\/ylacallesinponer.wordpress.com\/\" target=\"_blank\" rel=\"noopener noreferrer\">Mar\u00eda Gay<\/a>, Mar\u00eda Herruzo, Mika, Tom\u00e1s Herr\u00e1iz, Victor Castillo<br \/>\n<em>Stunts:<\/em> Santi Dominguez, Alberto Jim\u00e9nez, Juan Manuel S\u00e1nchez, Jos\u00e9 Caba<br \/>\n<em>Leiutenant Lady Sperm:<\/em> Sandra Sobrino<br \/>\n<em>Major Tit:<\/em> M\u00f3nica Nadal<br \/>\n<em>L.A.C.A. soldiers:<\/em> Lorena Guerrero &amp; Concha Chaus<\/p>\n<h2>Crew<\/h2>\n<p><em>Direction, Production &amp; Script:<\/em> <a title=\"Fidel Lorite\" href=\"http:\/\/fidellorite.com\/\" target=\"_blank\" rel=\"noopener noreferrer\">Fidel Lorite<\/a><br \/>\n<em>D<\/em><em>irection Assistant:<\/em> <a href=\"..\/\" target=\"_blank\" rel=\"noopener noreferrer\">\u00c1lex Hern\u00e1ndez<\/a><br \/>\n<em>Production Assistants:<\/em> Marcos Garc\u00eda, Tom\u00e1s Herr\u00e1iz, \u00c1lvaro Maldonado<br \/>\n<em>Main Photography<\/em><em>:<\/em> <a href=\"http:\/\/photoblog.antoniocasas.es\/\" target=\"_blank\" rel=\"noopener noreferrer\">Antonio Casas<\/a><br \/>\n<em>Lighting:<\/em> Bar\u00f3n Dandy &amp; <a href=\"http:\/\/photoblog.antoniocasas.es\/\" target=\"_blank\" rel=\"noopener noreferrer\">Antonio Casas<\/a><br \/>\n<em>Camera Operator:<\/em> Bar\u00f3n Dandy<br \/>\n<em>Editing &amp; Post-Production:<\/em> <a title=\"Fidel Lorite\" href=\"http:\/\/fidellorite.com\/\" target=\"_blank\" rel=\"noopener noreferrer\">Fidel Lorite<\/a><br \/>\n<em>Special FX<\/em><em>:<\/em> <a title=\"Fidel Lorite\" href=\"http:\/\/fidellorite.com\/\" target=\"_blank\" rel=\"noopener noreferrer\">Fidel Lorite<\/a> &amp; Sandra Sobrino<br \/>\n<em>Original Soundtrack<\/em><em>:<\/em> <a href=\"http:\/\/teatrofantasma.es\/\" target=\"_blank\" rel=\"noopener noreferrer\">Teatro Fantasma<\/a>, <a title=\"Fidel Lorite\" href=\"http:\/\/fidellorite.com\/\" target=\"_blank\" rel=\"noopener noreferrer\">Fidel Lorite<\/a>, <a title=\"\u00c1lex Hern\u00e1ndez-Puertas\" href=\"https:\/\/alexhernandez.es\" target=\"_blank\" rel=\"noopener noreferrer\">\u00c1lex Hern\u00e1ndez<\/a><br \/>\n<em>Translation &amp; Subtitling:<\/em> Carmen Alcaide &amp; Elidia Villar<br \/>\n<em>Thanks:<\/em> <a href=\"http:\/\/manjarproducciones.com\/\" target=\"_blank\" rel=\"nofollow noopener noreferrer\">Manjar Producciones<\/a>, Fondo Reservado, Hotel Andaluc\u00eda Center, Miguel Quir\u00f3s<\/p>\n<h2>Technical Details<\/h2>\n<p><em>Original Title:<\/em> Pesta\u00f1as Asesinas<em><br \/>\nLength:<\/em> 7\u201922&#8243;<em><br \/>\nFormat:<\/em> HDV (HDV 1080i50)<em><br \/>\nSound:<\/em> Stereo Hi-Fi<em><br \/>\nProduction Company:<\/em> FreakMeOut Films<em><br \/>\nBudget:<\/em> 0 \u20ac<em><br \/>\nNationality:<\/em> Espa\u00f1ola<br \/>\nShot in Granada, Spain on September 17th, 22nd and 24th, 2007<br \/>\nPost-production from October 2007 to January 2008<em><br \/>\n<\/em><\/p>\n<h2>Making-Up<\/h2>\n<p>Don\u2019t miss out on the <em>making-up<\/em>, the video with all the out-takes and bloopers:<\/p>\n<p style=\"text-align: center;\"><iframe loading=\"lazy\" src=\"https:\/\/www.youtube.com\/embed\/PbE1PdDz3mo?list=PLBOHBDDriL3HtftMAi7jDLOfB2-L3UuBL\" width=\"560\" height=\"315\" frameborder=\"0\" allowfullscreen=\"allowfullscreen\"><\/iframe><\/p>","protected":false},"excerpt":{"rendered":"<p>Roles: \u2013 direction assistant \u2013 character Hombre Trajeado (Man in Suit) \u2013 soundtrack &amp; title theme \u201cKiller Eyelashes\u201c with Teatro Fantasma Description: short film\/fake trailer directed by Fidel Mart\u00ednez Premiere: January 2008 Synopsis: A Martian micro-organism has plagued the cosmetics of the world. Three transvestites fight to save the Earth from a hord of blood-thirsty [&hellip;]<\/p>\n","protected":false},"author":1,"featured_media":0,"parent":68,"menu_order":2,"comment_status":"closed","ping_status":"closed","template":"","meta":{"om_disable_all_campaigns":false,"_monsterinsights_skip_tracking":false,"_monsterinsights_sitenote_active":false,"_monsterinsights_sitenote_note":"","_monsterinsights_sitenote_category":0,"ngg_post_thumbnail":0,"footnotes":""},"class_list":["post-5113","page","type-page","status-publish","hentry"],"aioseo_notices":[],"_links":{"self":[{"href":"https:\/\/alexhernandez.es\/en\/wp-json\/wp\/v2\/pages\/5113","targetHints":{"allow":["GET"]}}],"collection":[{"href":"https:\/\/alexhernandez.es\/en\/wp-json\/wp\/v2\/pages"}],"about":[{"href":"https:\/\/alexhernandez.es\/en\/wp-json\/wp\/v2\/types\/page"}],"author":[{"embeddable":true,"href":"https:\/\/alexhernandez.es\/en\/wp-json\/wp\/v2\/users\/1"}],"replies":[{"embeddable":true,"href":"https:\/\/alexhernandez.es\/en\/wp-json\/wp\/v2\/comments?post=5113"}],"version-history":[{"count":18,"href":"https:\/\/alexhernandez.es\/en\/wp-json\/wp\/v2\/pages\/5113\/revisions"}],"predecessor-version":[{"id":6339,"href":"https:\/\/alexhernandez.es\/en\/wp-json\/wp\/v2\/pages\/5113\/revisions\/6339"}],"up":[{"embeddable":true,"href":"https:\/\/alexhernandez.es\/en\/wp-json\/wp\/v2\/pages\/68"}],"wp:attachment":[{"href":"https:\/\/alexhernandez.es\/en\/wp-json\/wp\/v2\/media?parent=5113"}],"curies":[{"name":"wp","href":"https:\/\/api.w.org\/{rel}","templated":true}]}}