{"id":4782,"date":"2016-03-29T13:47:03","date_gmt":"2016-03-29T11:47:03","guid":{"rendered":"http:\/\/alexhernandez.es\/?page_id=4782"},"modified":"2020-03-17T15:24:13","modified_gmt":"2020-03-17T13:24:13","slug":"happy-emo","status":"publish","type":"page","link":"https:\/\/alexhernandez.es\/en\/obras\/musica\/teatrofantasma\/happy-emo\/","title":{"rendered":"Happy Emo (demo)"},"content":{"rendered":"<strong>Music:<\/strong> \u00c1lex Hern\u00e1ndez &amp; Francisco Bravo<br \/>\n<strong>Lyrics:<\/strong> \u00c1lex Hern\u00e1ndez<\/p>\n<p style=\"text-align: left;\"><span id=\"mp3jWrap_1\" class=\"mjp-s-wrapper s-graphic unsel-mjp  sdl_after\"><span id=\"playpause_wrap_mp3j_1\" class=\"wrap_inline_mp3j\" style=\"font-weight:700;\"><span class=\"gfxbutton_mp3j play-mjp\" id=\"playpause_mp3j_1\" style=\"font-size:14px;\">&nbsp;&nbsp;&nbsp;&nbsp;&nbsp;<\/span>&nbsp;<span class=\"group_wrap\"><span class=\"bars_mp3j\"><span class=\"loadB_mp3j\" id=\"load_mp3j_1\"><\/span><span class=\"posbarB_mp3j\" id=\"posbar_mp3j_1\"><\/span><\/span><span class=\"T_mp3j\" id=\"T_mp3j_1\" style=\"font-size:14px;\">Happy Emo (demo)<\/span><span class=\"indi_mp3j\" style=\"font-size:9.8px;\" id=\"statusMI_1\"><\/span><\/span><\/span><\/span><span class=\"s-nosolution\" id=\"mp3j_nosolution_1\" style=\"display:none;\"><\/span><script>\nMP3jPLAYLISTS.inline_1 = [\n\t{ name: \"Happy-Emo-live-acoustic-2\", formats: [\"mp3\"], mp3: \"aHR0cHM6Ly9hbGV4aGVybmFuZGV6LmVzL2ltYWdlcy9IYXBweS1FbW8tbGl2ZS1hY291c3RpYy0yLm1wMw==\", counterpart:\"\", artist: \"\", image: \"\", imgurl: \"\" }\n];\n<\/script>\n\n<script>MP3jPLAYERS[1] = { list: MP3jPLAYLISTS.inline_1, tr:0, type:'single', lstate:'', loop:false, play_txt:'&nbsp;&nbsp;&nbsp;&nbsp;&nbsp;', pause_txt:'&nbsp;&nbsp;&nbsp;&nbsp;&nbsp;', pp_title:'', autoplay:false, download:true, vol:90, height:'' };<\/script>\n<p>Our first full track in English. It was never properly recorded (it was intended for electric guitar + bass), but a couple of early acoustic demos have survived, one in audio only, the other one in a rehearsal video.<\/p>\n<div align=\"center\"><iframe loading=\"lazy\" src=\"https:\/\/www.youtube.com\/embed\/vNA8p_VvSEA\" width=\"480\" height=\"360\" frameborder=\"0\" allowfullscreen=\"allowfullscreen\"><\/iframe><\/div>\n<p>I feel alive.<br \/>\nI feel alive.<br \/>\nI feel alive.<\/p>\n<p>Burn me down, blow off me&#8230; rain down on me.<br \/>\nShut me up, shout at me&#8230; hang up at me.<br \/>\nPass me by, freeze out me&#8230; see right through me,<br \/>\nsee right through me.<\/p>\n<p>I wish you\u2019d<br \/>\nrape me, hate me, hurt me to make me happy,<br \/>\nI only get to smile when I have been crying.<br \/>\nUse me, rob me, con me to take me higher,<br \/>\nI only feel alright when pain lights my fire, yeah.<\/p>\n<p>I mourn in silence. The lights of my life seem off.<br \/>\nI feel alive, I\u2019m a happy emo.<\/p>\n<p>Mock me down, laugh at me&#8230; make fun of me.<br \/>\nDrink me up, eat off me&#8230; throw up at me.<br \/>\nLet me down, cheat on me&#8230; play games with me,<br \/>\nplay games with me, with me.<\/p>\n<p>Lose me, erase me, ignore me to get me excited,<br \/>\nI only fall in love when I\u2019ve been denied.<br \/>\nCut me, hit me, break me to turn me ecstatic,<br \/>\nI only feel alive when I feel like dying, yeah.<\/p>\n<p>I mourn in silence. The lights of my life seem off.<br \/>\nI feel alive, I\u2019m a happy emo.<\/p>\n<p>I mourn in silence. The lights of my life seem off.<br \/>\nI feel alive, I\u2019m a happy emo.<br \/>\nI mourn in silence. The lights of my life seem off.<br \/>\nI feel alive, I am the happy emo.<\/p>\n<p>I feel alive.<br \/>\nI feel alive.<br \/>\nI feel alive.","protected":false},"excerpt":{"rendered":"<p>Music: \u00c1lex Hern\u00e1ndez &amp; Francisco Bravo Lyrics: \u00c1lex Hern\u00e1ndez Our first full track in English. It was never properly recorded (it was intended for electric guitar + bass), but a couple of early acoustic demos have survived, one in audio only, the other one in a rehearsal video. I feel alive. I feel alive. I [&hellip;]<\/p>\n","protected":false},"author":1,"featured_media":0,"parent":4723,"menu_order":6,"comment_status":"closed","ping_status":"closed","template":"","meta":{"om_disable_all_campaigns":false,"_monsterinsights_skip_tracking":false,"_monsterinsights_sitenote_active":false,"_monsterinsights_sitenote_note":"","_monsterinsights_sitenote_category":0,"ngg_post_thumbnail":0,"footnotes":""},"class_list":["post-4782","page","type-page","status-publish","hentry"],"aioseo_notices":[],"_links":{"self":[{"href":"https:\/\/alexhernandez.es\/en\/wp-json\/wp\/v2\/pages\/4782","targetHints":{"allow":["GET"]}}],"collection":[{"href":"https:\/\/alexhernandez.es\/en\/wp-json\/wp\/v2\/pages"}],"about":[{"href":"https:\/\/alexhernandez.es\/en\/wp-json\/wp\/v2\/types\/page"}],"author":[{"embeddable":true,"href":"https:\/\/alexhernandez.es\/en\/wp-json\/wp\/v2\/users\/1"}],"replies":[{"embeddable":true,"href":"https:\/\/alexhernandez.es\/en\/wp-json\/wp\/v2\/comments?post=4782"}],"version-history":[{"count":9,"href":"https:\/\/alexhernandez.es\/en\/wp-json\/wp\/v2\/pages\/4782\/revisions"}],"predecessor-version":[{"id":6035,"href":"https:\/\/alexhernandez.es\/en\/wp-json\/wp\/v2\/pages\/4782\/revisions\/6035"}],"up":[{"embeddable":true,"href":"https:\/\/alexhernandez.es\/en\/wp-json\/wp\/v2\/pages\/4723"}],"wp:attachment":[{"href":"https:\/\/alexhernandez.es\/en\/wp-json\/wp\/v2\/media?parent=4782"}],"curies":[{"name":"wp","href":"https:\/\/api.w.org\/{rel}","templated":true}]}}