{"id":4754,"date":"2016-03-23T16:28:22","date_gmt":"2016-03-23T14:28:22","guid":{"rendered":"http:\/\/alexhernandez.es\/?page_id=4754"},"modified":"2020-03-17T15:22:07","modified_gmt":"2020-03-17T13:22:07","slug":"laura-no-esta","status":"publish","type":"page","link":"https:\/\/alexhernandez.es\/en\/obras\/musica\/teatrofantasma\/laura-no-esta\/","title":{"rendered":"Laura no est\u00e1"},"content":{"rendered":"<figure style=\"width: 500px\" class=\"wp-caption alignright\"><img loading=\"lazy\" decoding=\"async\" title=\"Laura no est\u00e1\" src=\"https:\/\/alexhernandez.es\/teatrofantasma\/images\/laura1.jpg\" alt=\"\" width=\"500\" height=\"500\"><figcaption class=\"wp-caption-text\">photo by \u00c1lex Hern\u00e1ndez \/ model: Fernando<\/figcaption><\/figure>\n<p style=\"text-align: left;\"><span id=\"mp3jWrap_1\" class=\"mjp-s-wrapper s-graphic unsel-mjp  sdl_after\"><span id=\"playpause_wrap_mp3j_1\" class=\"wrap_inline_mp3j\" style=\"font-weight:700;\"><span class=\"gfxbutton_mp3j play-mjp\" id=\"playpause_mp3j_1\" style=\"font-size:14px;\">&nbsp;&nbsp;&nbsp;&nbsp;&nbsp;<\/span>&nbsp;<span class=\"group_wrap\"><span class=\"bars_mp3j\"><span class=\"loadB_mp3j\" id=\"load_mp3j_1\"><\/span><span class=\"posbarB_mp3j\" id=\"posbar_mp3j_1\"><\/span><\/span><span class=\"T_mp3j\" id=\"T_mp3j_1\" style=\"font-size:14px;\">Laura no est\u00e1<\/span><span class=\"indi_mp3j\" style=\"font-size:9.8px;\" id=\"statusMI_1\"><\/span><\/span><\/span><\/span><span class=\"s-nosolution\" id=\"mp3j_nosolution_1\" style=\"display:none;\"><\/span><script>\nMP3jPLAYLISTS.inline_1 = [\n\t{ name: \"laura-no-esta\", formats: [\"mp3\"], mp3: \"aHR0cHM6Ly9hbGV4aGVybmFuZGV6LmVzL3RlYXRyb2ZhbnRhc21hL3VwbG9hZHMvbGF1cmEtbm8tZXN0YS5tcDM=\", counterpart:\"\", artist: \"\", image: \"\", imgurl: \"\" }\n];\n<\/script>\n\n<script>MP3jPLAYERS[1] = { list: MP3jPLAYLISTS.inline_1, tr:0, type:'single', lstate:'', loop:false, play_txt:'&nbsp;&nbsp;&nbsp;&nbsp;&nbsp;', pause_txt:'&nbsp;&nbsp;&nbsp;&nbsp;&nbsp;', pp_title:'', autoplay:false, download:true, vol:90, height:'' };<\/script>\n<p><strong>Music &amp; lyrics:<\/strong><br \/>\nAntonello de Sanctis, Massimo Varini &amp; Nek<br \/>\n<strong>Arrangement:<\/strong><br \/>\n\u00c1lex Hern\u00e1ndez &amp; Francisco Bravo<\/p>\n<p>Laura no est\u00e1, Laura se fue,<br \/>\nLaura se escapa de mi vida<br \/>\ny t\u00fa que si est\u00e1s, preguntas por qu\u00e9<br \/>\nla amo a pesar de las heridas.<\/p>\n<p>Lo ocupa todo su recuerdo.<br \/>\nNo consigo olvidar el peso de su cuerpo.<\/p>\n<p>Laura no est\u00e1, eso lo s\u00e9<br \/>\ny no la encontrar\u00e9 en tu piel.<br \/>\nEs enfermizo y sabes que no quisiera<br \/>\nbesarte a ti pensando en ella.<\/p>\n<p>Esta noche inventar\u00e9 una tregua,<br \/>\nya no quiero pensar m\u00e1s.<br \/>\nContigo olvidar\u00e9 su ausencia.<\/p>\n<figure style=\"width: 250px\" class=\"wp-caption alignright\"><img loading=\"lazy\" decoding=\"async\" title=\"photo by \u00c1lex Hern\u00e1ndez \/ graffiti: Sike\" src=\"https:\/\/alexhernandez.es\/teatrofantasma\/images\/laura2.jpg\" alt=\"Laura No Esta\" width=\"250\" height=\"250\" border=\"0\"><figcaption class=\"wp-caption-text\">photo by \u00c1lex Hern\u00e1ndez \/ graffiti: Sike<\/figcaption><\/figure>\n<p>Y si te como a besos, tal vez,<br \/>\nla noche sea m\u00e1s corta, no lo s\u00e9.<br \/>\nYo s\u00f3lo no me basto, qu\u00e9date<br \/>\ny ll\u00e9name su espacio, qu\u00e9date,<\/p>\n<p>Laura se fue, no dijo adi\u00f3s.<br \/>\nDej\u00f3 rota mi pasi\u00f3n.<br \/>\nLaura quiz\u00e1 ya me olvid\u00f3<br \/>\ny otro rob\u00f3 su coraz\u00f3n.<\/p>\n<p>Ya s\u00f3lo s\u00e9 decir su nombre,<br \/>\nno recuerdo el m\u00edo.<br \/>\nY qui\u00e9n me abrigar\u00e1 este fr\u00edo.<br \/>\n\u00bfQui\u00e9n me abrigar\u00e1 este fr\u00edo&#8230;?<\/p>\n<p><strong>\u00c1lex Hern\u00e1ndez:<\/strong> voice, drums, effects, mix<br \/>\n<strong>Francisco Bravo:<\/strong> guitars","protected":false},"excerpt":{"rendered":"<p>Music &amp; lyrics: Antonello de Sanctis, Massimo Varini &amp; Nek Arrangement: \u00c1lex Hern\u00e1ndez &amp; Francisco Bravo Laura no est\u00e1, Laura se fue, Laura se escapa de mi vida y t\u00fa que si est\u00e1s, preguntas por qu\u00e9 la amo a pesar de las heridas. Lo ocupa todo su recuerdo. No consigo olvidar el peso de su [&hellip;]<\/p>\n","protected":false},"author":1,"featured_media":0,"parent":4723,"menu_order":1,"comment_status":"closed","ping_status":"closed","template":"","meta":{"om_disable_all_campaigns":false,"_monsterinsights_skip_tracking":false,"_monsterinsights_sitenote_active":false,"_monsterinsights_sitenote_note":"","_monsterinsights_sitenote_category":0,"ngg_post_thumbnail":0,"footnotes":""},"class_list":["post-4754","page","type-page","status-publish","hentry"],"aioseo_notices":[],"_links":{"self":[{"href":"https:\/\/alexhernandez.es\/en\/wp-json\/wp\/v2\/pages\/4754","targetHints":{"allow":["GET"]}}],"collection":[{"href":"https:\/\/alexhernandez.es\/en\/wp-json\/wp\/v2\/pages"}],"about":[{"href":"https:\/\/alexhernandez.es\/en\/wp-json\/wp\/v2\/types\/page"}],"author":[{"embeddable":true,"href":"https:\/\/alexhernandez.es\/en\/wp-json\/wp\/v2\/users\/1"}],"replies":[{"embeddable":true,"href":"https:\/\/alexhernandez.es\/en\/wp-json\/wp\/v2\/comments?post=4754"}],"version-history":[{"count":24,"href":"https:\/\/alexhernandez.es\/en\/wp-json\/wp\/v2\/pages\/4754\/revisions"}],"predecessor-version":[{"id":6032,"href":"https:\/\/alexhernandez.es\/en\/wp-json\/wp\/v2\/pages\/4754\/revisions\/6032"}],"up":[{"embeddable":true,"href":"https:\/\/alexhernandez.es\/en\/wp-json\/wp\/v2\/pages\/4723"}],"wp:attachment":[{"href":"https:\/\/alexhernandez.es\/en\/wp-json\/wp\/v2\/media?parent=4754"}],"curies":[{"name":"wp","href":"https:\/\/api.w.org\/{rel}","templated":true}]}}