{"id":4751,"date":"2016-03-23T16:21:46","date_gmt":"2016-03-23T14:21:46","guid":{"rendered":"http:\/\/alexhernandez.es\/?page_id=4751"},"modified":"2020-03-17T16:21:12","modified_gmt":"2020-03-17T14:21:12","slug":"basil-hallward","status":"publish","type":"page","link":"https:\/\/alexhernandez.es\/en\/obras\/musica\/teatrofantasma\/basil-hallward\/","title":{"rendered":"El sue\u00f1o de Basil Hallward"},"content":{"rendered":"<strong>Music:<\/strong> \u00c1lex Hern\u00e1ndez &amp; Francisco Bravo<br \/>\n<strong>Lyrics:<\/strong> \u00c1lex Hern\u00e1ndez<\/p>\n<p><img loading=\"lazy\" decoding=\"async\" class=\"wp-image-6039 size-medium alignnone\" title=\"El sue\u00f1o de Basil Hallward\" src=\"https:\/\/alexhernandez.es\/images\/basil-hallward-300x259.jpg\" alt=\"\" width=\"300\" height=\"259\" srcset=\"https:\/\/alexhernandez.es\/images\/basil-hallward-300x259.jpg 300w, https:\/\/alexhernandez.es\/images\/basil-hallward.jpg 592w\" sizes=\"auto, (max-width: 300px) 100vw, 300px\" \/><\/p>\n<p>The lyrics are an adaptation into Spanish of one of the first poems I wrote in English, <a href=\"https:\/\/alexhernandez.es\/en\/obras\/poemas\/dream-of-basil-hallward\/\">The Dream of Basil Hallward<\/a>.<\/p>\n<p style=\"text-align: left;\"><span id=\"mp3jWrap_1\" class=\"mjp-s-wrapper s-graphic unsel-mjp  sdl_after\"><span id=\"playpause_wrap_mp3j_1\" class=\"wrap_inline_mp3j\" style=\"font-weight:700;\"><span class=\"gfxbutton_mp3j play-mjp\" id=\"playpause_mp3j_1\" style=\"font-size:14px;\">&nbsp;&nbsp;&nbsp;&nbsp;&nbsp;<\/span>&nbsp;<span class=\"group_wrap\"><span class=\"bars_mp3j\"><span class=\"loadB_mp3j\" id=\"load_mp3j_1\"><\/span><span class=\"posbarB_mp3j\" id=\"posbar_mp3j_1\"><\/span><\/span><span class=\"T_mp3j\" id=\"T_mp3j_1\" style=\"font-size:14px;\">El sue\u00f1o de Basil Hallward<\/span><span class=\"indi_mp3j\" style=\"font-size:9.8px;\" id=\"statusMI_1\"><\/span><\/span><\/span><\/span><span class=\"s-nosolution\" id=\"mp3j_nosolution_1\" style=\"display:none;\"><\/span><script>\nMP3jPLAYLISTS.inline_1 = [\n\t{ name: \"basil-hallward\", formats: [\"mp3\"], mp3: \"aHR0cHM6Ly9hbGV4aGVybmFuZGV6LmVzL3RlYXRyb2ZhbnRhc21hL3VwbG9hZHMvYmFzaWwtaGFsbHdhcmQubXAz\", counterpart:\"\", artist: \"\", image: \"\", imgurl: \"\" }\n];\n<\/script>\n\n<script>MP3jPLAYERS[1] = { list: MP3jPLAYLISTS.inline_1, tr:0, type:'single', lstate:'', loop:false, play_txt:'&nbsp;&nbsp;&nbsp;&nbsp;&nbsp;', pause_txt:'&nbsp;&nbsp;&nbsp;&nbsp;&nbsp;', pp_title:'', autoplay:false, download:true, vol:90, height:'' };<\/script>\n<p>Tu imagen<br \/>\nme alcanza y me abandona<br \/>\ncomo musa.<\/p>\n<p>Tus labios<br \/>\nme rozan la mejilla<br \/>\ny se evaporan.<\/p>\n<p>En tu frente, pinceladas,<br \/>\nveo pisadas de recuerdos.<\/p>\n<p>Tus ojos<br \/>\ncontemplan un amor<br \/>\nque no imagino.<\/p>\n<p>Fugitivo,<br \/>\ntu aliento es la humedad de<br \/>\nmi pupila.<\/p>\n<p>Mi mano se aproxima<br \/>\ny el lienzo de tu piel se deshilacha.<br \/>\nSe deshilacha&#8230;<br \/>\nSe deshilacha.<\/p>\n<p><strong>\u00c1lex Hern\u00e1ndez:<\/strong> voice, mix<br \/>\n<strong>Francisco Bravo:<\/strong> guitar, effects","protected":false},"excerpt":{"rendered":"<p>Music: \u00c1lex Hern\u00e1ndez &amp; Francisco Bravo Lyrics: \u00c1lex Hern\u00e1ndez The lyrics are an adaptation into Spanish of one of the first poems I wrote in English, The Dream of Basil Hallward. Tu imagen me alcanza y me abandona como musa. Tus labios me rozan la mejilla y se evaporan. En tu frente, pinceladas, veo pisadas [&hellip;]<\/p>\n","protected":false},"author":1,"featured_media":0,"parent":4723,"menu_order":3,"comment_status":"closed","ping_status":"closed","template":"","meta":{"om_disable_all_campaigns":false,"_monsterinsights_skip_tracking":false,"_monsterinsights_sitenote_active":false,"_monsterinsights_sitenote_note":"","_monsterinsights_sitenote_category":0,"ngg_post_thumbnail":0,"footnotes":""},"class_list":["post-4751","page","type-page","status-publish","hentry"],"aioseo_notices":[],"_links":{"self":[{"href":"https:\/\/alexhernandez.es\/en\/wp-json\/wp\/v2\/pages\/4751","targetHints":{"allow":["GET"]}}],"collection":[{"href":"https:\/\/alexhernandez.es\/en\/wp-json\/wp\/v2\/pages"}],"about":[{"href":"https:\/\/alexhernandez.es\/en\/wp-json\/wp\/v2\/types\/page"}],"author":[{"embeddable":true,"href":"https:\/\/alexhernandez.es\/en\/wp-json\/wp\/v2\/users\/1"}],"replies":[{"embeddable":true,"href":"https:\/\/alexhernandez.es\/en\/wp-json\/wp\/v2\/comments?post=4751"}],"version-history":[{"count":11,"href":"https:\/\/alexhernandez.es\/en\/wp-json\/wp\/v2\/pages\/4751\/revisions"}],"predecessor-version":[{"id":6059,"href":"https:\/\/alexhernandez.es\/en\/wp-json\/wp\/v2\/pages\/4751\/revisions\/6059"}],"up":[{"embeddable":true,"href":"https:\/\/alexhernandez.es\/en\/wp-json\/wp\/v2\/pages\/4723"}],"wp:attachment":[{"href":"https:\/\/alexhernandez.es\/en\/wp-json\/wp\/v2\/media?parent=4751"}],"curies":[{"name":"wp","href":"https:\/\/api.w.org\/{rel}","templated":true}]}}