{"id":4741,"date":"2016-03-23T16:03:01","date_gmt":"2016-03-23T14:03:01","guid":{"rendered":"http:\/\/alexhernandez.es\/?page_id=4741"},"modified":"2020-03-17T16:16:04","modified_gmt":"2020-03-17T14:16:04","slug":"pestanas-asesinas","status":"publish","type":"page","link":"https:\/\/alexhernandez.es\/en\/obras\/musica\/teatrofantasma\/pestanas-asesinas\/","title":{"rendered":"Pesta\u00f1as Asesinas"},"content":{"rendered":"<figure style=\"width: 400px\" class=\"wp-caption alignleft\"><img loading=\"lazy\" decoding=\"async\" src=\"https:\/\/alexhernandez.es\/images\/pestanasasesinassingle1.jpg\" alt=\"Pesta\u00f1as Asesinas\" width=\"400\" height=\"400\"><figcaption class=\"wp-caption-text\">Car\u00e1tula del single<\/figcaption><\/figure>\n<p><strong>M\u00fasica:<\/strong> \u00c1lex Hern\u00e1ndez y Francisco Bravo<br \/>\n<strong>Letra:<\/strong> \u00c1lex Hern\u00e1ndez<\/p>\n<p>Tema principal del <a href=\"https:\/\/alexhernandez.es\/obras\/cine\/pestanas-asesinas\/\">cortometraje<\/a> del mismo nombre dirigido por <a href=\"http:\/\/fidellorite.com\/\" target=\"_blank\" rel=\"noopener noreferrer\">Fidel Lorite<\/a>.<\/p>\n<p>Puedes <a title=\"Banda sonora de Pesta\u00f1as Asesinas\" href=\"https:\/\/alexhernandez.es\/descargas\/PestanasAsesinasBSO.zip\" target=\"_blank\" rel=\"noopener noreferrer\">descargar la banda sonora completa<\/a>, 10 temas en un archivo zip.<\/p>\n<p style=\"text-align: left;\"><span id=\"mp3jWrap_4\" class=\"mjp-s-wrapper s-graphic unsel-mjp  sdl_after\"><span id=\"playpause_wrap_mp3j_4\" class=\"wrap_inline_mp3j\" style=\"font-weight:700;\"><span class=\"gfxbutton_mp3j play-mjp\" id=\"playpause_mp3j_4\" style=\"font-size:14px;\">&nbsp;&nbsp;&nbsp;&nbsp;&nbsp;<\/span>&nbsp;<span class=\"group_wrap\"><span class=\"bars_mp3j\"><span class=\"loadB_mp3j\" id=\"load_mp3j_4\"><\/span><span class=\"posbarB_mp3j\" id=\"posbar_mp3j_4\"><\/span><\/span><span class=\"T_mp3j\" id=\"T_mp3j_4\" style=\"font-size:14px;\">Pesta\u00f1as asesinas<\/span><span class=\"indi_mp3j\" style=\"font-size:9.8px;\" id=\"statusMI_4\"><\/span><\/span><\/span><\/span><span class=\"s-nosolution\" id=\"mp3j_nosolution_4\" style=\"display:none;\"><\/span><script>\nMP3jPLAYLISTS.inline_4 = [\n\t{ name: \"pestanas-asesinas\", formats: [\"mp3\"], mp3: \"aHR0cHM6Ly9hbGV4aGVybmFuZGV6LmVzL3RlYXRyb2ZhbnRhc21hL3VwbG9hZHMvcGVzdGFuYXMtYXNlc2luYXMubXAz\", counterpart:\"\", artist: \"\", image: \"\", imgurl: \"\" }\n];\n<\/script>\n\n<script>MP3jPLAYERS[4] = { list: MP3jPLAYLISTS.inline_4, tr:0, type:'single', lstate:'', loop:false, play_txt:'&nbsp;&nbsp;&nbsp;&nbsp;&nbsp;', pause_txt:'&nbsp;&nbsp;&nbsp;&nbsp;&nbsp;', pp_title:'', autoplay:false, download:true, vol:90, height:'' };<\/script>\n<figure style=\"width: 500px\" class=\"wp-caption alignright\"><img loading=\"lazy\" decoding=\"async\" src=\"https:\/\/alexhernandez.es\/teatrofantasma\/images\/fotos\/preestreno1.jpg\" alt=\"Preestreno de Pesta\u00f1as Asesinas\" width=\"500\" height=\"333\" border=\"0\"><figcaption class=\"wp-caption-text\">\u00c1lex y Paco (Teatro Fantasma) frente al pub Fondo Reservado durante el pre-estreno del cortometraje &#8220;Pesta\u00f1as Asesinas&#8221; (18 de octubre de 2007)<\/figcaption><\/figure>\n<p>Saca la peluca fucsia,<br \/>\nrellena el wonderbra.<br \/>\nAf\u00edlate las u\u00f1as, nena,<br \/>\nlas vas a necesitar.<\/p>\n<p>Se esconder\u00e1n entre las sombras,<br \/>\nsombra aqu\u00ed y sombra all\u00e1\u2026<br \/>\nAfila esos tacones, nena,<br \/>\nlos vamos a estrenar.<\/p>\n<p>La noche se ha llenado de pesta\u00f1as asesinas,<br \/>\nde zombis putrefactos, sedientos de glamour.<\/p>\n<p>Las calles se han plagado de pesta\u00f1as asesinas,<br \/>\nde zombis que esta noche est\u00e1n sedientos de glamour.<\/p>\n<p>Se ha transformado hasta tu abuela,<br \/>\n\u00a1la peluquera va a atacar!<br \/>\nUsa cors\u00e9 de lentejuelas,<br \/>\nlos vas a deslumbrar.<\/p>\n<p>No entres al cuarto de ba\u00f1o,<br \/>\nest\u00e1 contaminado ya.<br \/>\nAl\u00e9jate del maquillaje,<br \/>\nla guerra acaba de empezar.<\/p>\n<p>La noche se ha llenado de pesta\u00f1as asesinas,<br \/>\nde zombis putrefactos, sedientos de glamour.<\/p>\n<p>Las calles se han plagado de pesta\u00f1as asesinas,<br \/>\nde zombis que esta noche est\u00e1n sedientos de glamour.<\/p>\n<p>La culpa la tiene la ciencia.<br \/>\nLa tienen Margaret Astor y Chanel,<br \/>\ny la colonia del Todo a Cien.<br \/>\nLa culpa no la tiene Marte,<br \/>\n\u00a1la tienes t\u00fa por maquillarte!<br \/>\nY ahora estas tres chicas<br \/>\nnos tienen que salva-ah-ar.<\/p>\n<p>La noche se ha llenado de pesta\u00f1as asesinas,<br \/>\nde zombis putrefactos, sedientos de glamour.<\/p>\n<p>Las calles se han plagado de pesta\u00f1as asesinas,<br \/>\nde zombis que esta noche est\u00e1n sedientos de glamour.<\/p>\n<p><strong>\u00c1lex Hern\u00e1ndez:<\/strong> voz, programaciones, mezclas<br \/>\n<strong>Francisco Bravo:<\/strong> guitarra<br \/>\n<strong>Eli Villar:<\/strong> coros<br \/>\n<strong>Mar\u00eda Gay:<\/strong> coros (versi\u00f3n corta)<br \/>\n<strong>M\u00f3nica Navarro:<\/strong> coros (versi\u00f3n larga)<\/p>\n<h2>Killer Eyelashes<\/h2>\n<figure style=\"width: 500px\" class=\"wp-caption alignright\"><img loading=\"lazy\" decoding=\"async\" src=\"https:\/\/alexhernandez.es\/teatrofantasma\/images\/fotos\/preestreno2.jpg\" alt=\"\u00c1lex y Paco frente a frente\" width=\"500\" height=\"354\" border=\"0\"><figcaption class=\"wp-caption-text\">Frente a frente en el interior del pub Fondo Reservado durante el pre-estreno del cortometraje \u201cPesta\u00f1as Asesinas\u201d (18 de octubre de 2007)<\/figcaption><\/figure>\n<p>Breve versi\u00f3n <em>soul<\/em> del mismo tema, en ingl\u00e9s, para la escena de la actuaci\u00f3n de T\u00f3xica Marvel.<\/p>\n<p style=\"text-align: left;\"><span id=\"mp3jWrap_5\" class=\"mjp-s-wrapper s-graphic unsel-mjp  sdl_after\"><span id=\"playpause_wrap_mp3j_5\" class=\"wrap_inline_mp3j\" style=\"font-weight:700;\"><span class=\"gfxbutton_mp3j play-mjp\" id=\"playpause_mp3j_5\" style=\"font-size:14px;\">&nbsp;&nbsp;&nbsp;&nbsp;&nbsp;<\/span>&nbsp;<span class=\"group_wrap\"><span class=\"bars_mp3j\"><span class=\"loadB_mp3j\" id=\"load_mp3j_5\"><\/span><span class=\"posbarB_mp3j\" id=\"posbar_mp3j_5\"><\/span><\/span><span class=\"T_mp3j\" id=\"T_mp3j_5\" style=\"font-size:14px;\">Killer eyelashes<\/span><span class=\"indi_mp3j\" style=\"font-size:9.8px;\" id=\"statusMI_5\"><\/span><\/span><\/span><\/span><span class=\"s-nosolution\" id=\"mp3j_nosolution_5\" style=\"display:none;\"><\/span><script>\nMP3jPLAYLISTS.inline_5 = [\n\t{ name: \"killer-eyelashes-maqueta\", formats: [\"mp3\"], mp3: \"aHR0cHM6Ly9hbGV4aGVybmFuZGV6LmVzL3RlYXRyb2ZhbnRhc21hL3VwbG9hZHMva2lsbGVyLWV5ZWxhc2hlcy1tYXF1ZXRhLm1wMw==\", counterpart:\"\", artist: \"\", image: \"\", imgurl: \"\" }\n];\n<\/script>\n\n<script>MP3jPLAYERS[5] = { list: MP3jPLAYLISTS.inline_5, tr:0, type:'single', lstate:'', loop:false, play_txt:'&nbsp;&nbsp;&nbsp;&nbsp;&nbsp;', pause_txt:'&nbsp;&nbsp;&nbsp;&nbsp;&nbsp;', pp_title:'', autoplay:false, download:true, vol:90, height:'' };<\/script>\n<p style=\"text-align: left;\">Wear a purple wig,<br \/>\nfill your wonderbra,<br \/>\nchoose a sequin corset, baby.<br \/>\nTonight\u2019s the night.<\/p>\n<p>The streets will brim with danger and killer eyelashes.<br \/>\nPeople move like zombies, thirsty for glamour.<\/p>\n<p><strong>\u00c1lex Hern\u00e1ndez:<\/strong> mezclas<br \/>\n<strong>M\u00f3nica Navarro:<\/strong> voz<br \/>\n<strong>Miguel Rubio:<\/strong> saxo<br \/>\n<em>Contiene un sample de &#8220;Love Hangover&#8221;, escrita por Marilyn McLeod y Pam Sawyer e interpretada por Diana Ross.<\/em><\/p>\n<h2>Ensayo ac\u00fastico<\/h2>\n<div align=\"center\"><iframe loading=\"lazy\" src=\"https:\/\/www.youtube.com\/embed\/HUV_h8tZXzs\" width=\"480\" height=\"360\" frameborder=\"0\" allowfullscreen=\"allowfullscreen\"><\/iframe><\/div>\n<h2>Otras versiones<\/h2>\n<p style=\"text-align: left;\"><span id=\"mp3jWrap_6\" class=\"mjp-s-wrapper s-graphic unsel-mjp  sdl_after\"><span id=\"playpause_wrap_mp3j_6\" class=\"wrap_inline_mp3j\" style=\"font-weight:700;\"><span class=\"gfxbutton_mp3j play-mjp\" id=\"playpause_mp3j_6\" style=\"font-size:14px;\">&nbsp;&nbsp;&nbsp;&nbsp;&nbsp;<\/span>&nbsp;<span class=\"group_wrap\"><span class=\"bars_mp3j\"><span class=\"loadB_mp3j\" id=\"load_mp3j_6\"><\/span><span class=\"posbarB_mp3j\" id=\"posbar_mp3j_6\"><\/span><\/span><span class=\"T_mp3j\" id=\"T_mp3j_6\" style=\"font-size:14px;\">Pesta\u00f1as asesinas (cr\u00e9ditos)<\/span><span class=\"indi_mp3j\" style=\"font-size:9.8px;\" id=\"statusMI_6\"><\/span><\/span><\/span><\/span><span class=\"s-nosolution\" id=\"mp3j_nosolution_6\" style=\"display:none;\"><\/span><script>\nMP3jPLAYLISTS.inline_6 = [\n\t{ name: \"pestanas-asesinas-version-creditos\", formats: [\"mp3\"], mp3: \"aHR0cHM6Ly9hbGV4aGVybmFuZGV6LmVzL3RlYXRyb2ZhbnRhc21hL3VwbG9hZHMvcGVzdGFuYXMtYXNlc2luYXMtdmVyc2lvbi1jcmVkaXRvcy5tcDM=\", counterpart:\"\", artist: \"\", image: \"\", imgurl: \"\" }\n];\n<\/script>\n\n<script>MP3jPLAYERS[6] = { list: MP3jPLAYLISTS.inline_6, tr:0, type:'single', lstate:'', loop:false, play_txt:'&nbsp;&nbsp;&nbsp;&nbsp;&nbsp;', pause_txt:'&nbsp;&nbsp;&nbsp;&nbsp;&nbsp;', pp_title:'', autoplay:false, download:true, vol:90, height:'' };<\/script>\n<span id=\"mp3jWrap_7\" class=\"mjp-s-wrapper s-graphic unsel-mjp  sdl_after\"><span id=\"playpause_wrap_mp3j_7\" class=\"wrap_inline_mp3j\" style=\"font-weight:700;\"><span class=\"gfxbutton_mp3j play-mjp\" id=\"playpause_mp3j_7\" style=\"font-size:14px;\">&nbsp;&nbsp;&nbsp;&nbsp;&nbsp;<\/span>&nbsp;<span class=\"group_wrap\"><span class=\"bars_mp3j\"><span class=\"loadB_mp3j\" id=\"load_mp3j_7\"><\/span><span class=\"posbarB_mp3j\" id=\"posbar_mp3j_7\"><\/span><\/span><span class=\"T_mp3j\" id=\"T_mp3j_7\" style=\"font-size:14px;\">Pesta\u00f1as asesinas (m\u00f3vil)<\/span><span class=\"indi_mp3j\" style=\"font-size:9.8px;\" id=\"statusMI_7\"><\/span><\/span><\/span><\/span><span class=\"s-nosolution\" id=\"mp3j_nosolution_7\" style=\"display:none;\"><\/span><script>\nMP3jPLAYLISTS.inline_7 = [\n\t{ name: \"pestanas-asesinas-tono1\", formats: [\"mp3\"], mp3: \"aHR0cHM6Ly9hbGV4aGVybmFuZGV6LmVzL3RlYXRyb2ZhbnRhc21hL3VwbG9hZHMvcGVzdGFuYXMtYXNlc2luYXMtdG9ubzEubXAz\", counterpart:\"\", artist: \"\", image: \"\", imgurl: \"\" }\n];\n<\/script>\n\n<script>MP3jPLAYERS[7] = { list: MP3jPLAYLISTS.inline_7, tr:0, type:'single', lstate:'', loop:false, play_txt:'&nbsp;&nbsp;&nbsp;&nbsp;&nbsp;', pause_txt:'&nbsp;&nbsp;&nbsp;&nbsp;&nbsp;', pp_title:'', autoplay:false, download:true, vol:90, height:'' };<\/script>","protected":false},"excerpt":{"rendered":"<p>M\u00fasica: \u00c1lex Hern\u00e1ndez y Francisco Bravo Letra: \u00c1lex Hern\u00e1ndez Tema principal del cortometraje del mismo nombre dirigido por Fidel Lorite. Puedes descargar la banda sonora completa, 10 temas en un archivo zip. Saca la peluca fucsia, rellena el wonderbra. Af\u00edlate las u\u00f1as, nena, las vas a necesitar. Se esconder\u00e1n entre las sombras, sombra aqu\u00ed y [&hellip;]<\/p>\n","protected":false},"author":1,"featured_media":0,"parent":4723,"menu_order":2,"comment_status":"closed","ping_status":"closed","template":"","meta":{"om_disable_all_campaigns":false,"_monsterinsights_skip_tracking":false,"_monsterinsights_sitenote_active":false,"_monsterinsights_sitenote_note":"","_monsterinsights_sitenote_category":0,"ngg_post_thumbnail":0,"footnotes":""},"class_list":["post-4741","page","type-page","status-publish","hentry"],"aioseo_notices":[],"_links":{"self":[{"href":"https:\/\/alexhernandez.es\/en\/wp-json\/wp\/v2\/pages\/4741","targetHints":{"allow":["GET"]}}],"collection":[{"href":"https:\/\/alexhernandez.es\/en\/wp-json\/wp\/v2\/pages"}],"about":[{"href":"https:\/\/alexhernandez.es\/en\/wp-json\/wp\/v2\/types\/page"}],"author":[{"embeddable":true,"href":"https:\/\/alexhernandez.es\/en\/wp-json\/wp\/v2\/users\/1"}],"replies":[{"embeddable":true,"href":"https:\/\/alexhernandez.es\/en\/wp-json\/wp\/v2\/comments?post=4741"}],"version-history":[{"count":28,"href":"https:\/\/alexhernandez.es\/en\/wp-json\/wp\/v2\/pages\/4741\/revisions"}],"predecessor-version":[{"id":6057,"href":"https:\/\/alexhernandez.es\/en\/wp-json\/wp\/v2\/pages\/4741\/revisions\/6057"}],"up":[{"embeddable":true,"href":"https:\/\/alexhernandez.es\/en\/wp-json\/wp\/v2\/pages\/4723"}],"wp:attachment":[{"href":"https:\/\/alexhernandez.es\/en\/wp-json\/wp\/v2\/media?parent=4741"}],"curies":[{"name":"wp","href":"https:\/\/api.w.org\/{rel}","templated":true}]}}