{"id":1256,"date":"2010-03-13T22:29:18","date_gmt":"2010-03-13T20:29:18","guid":{"rendered":"http:\/\/alexhernandez.es\/?page_id=1256"},"modified":"2020-03-16T15:16:10","modified_gmt":"2020-03-16T13:16:10","slug":"goodbye-myra","status":"publish","type":"page","link":"https:\/\/alexhernandez.es\/en\/obras\/cine\/goodbye-myra\/","title":{"rendered":"Goodbye Myra"},"content":{"rendered":"&nbsp;<\/p>\n<h2><img loading=\"lazy\" decoding=\"async\" class=\"alignright\" title=\"Cartel Goodbye Myra\" src=\"https:\/\/alexhernandez.es\/images\/Cartel-GoodbyeMyra-400x500.jpg\" alt=\"\" width=\"256\" height=\"320\">Description<\/h2>\n<p>This short film, together with &#8220;<a href=\"https:\/\/alexhernandez.es\/cine\/the-missing-husband\/\">The Missing Husband<\/a>&#8220;, was created for the section &#8220;A movie by&#8230;&#8221; of the international film festival NoTodoFilmFest.<\/p>\n<h2>Synopsis<\/h2>\n<p>\u201cAna\u201d is just her stage name, but wig or no wig, things aren&#8217;t going great for her. She&#8217;s decided to put an end to everything, though not without saying farewell to her only real friend.<\/p>\n<h2>Roles<\/h2>\n<p>Co-writing, co-directing, editing<\/p>\n<h2>Awards<\/h2>\n<p><a href=\"http:\/\/www.notodofilmfest.com\/ediciones\/09\/?lg=en&amp;tipoApartado=upd_finalistas\" target=\"_blank\" rel=\"noopener noreferrer\">Finalist in the section &#8220;A movie by&#8230;&#8221;<\/a> of the NoTodoFilmFest.<\/p>\n<h2>The Movie<\/h2>\n<p><iframe loading=\"lazy\" width=\"560\" height=\"315\" src=\"https:\/\/www.youtube.com\/embed\/ndQCSQ7EQvY\" frameborder=\"0\" allow=\"accelerometer; autoplay; encrypted-media; gyroscope; picture-in-picture\" allowfullscreen><\/iframe><\/p>\n<h2>Cast<\/h2>\n<p><em>Ana:<\/em> G\u00fcnther P.<\/p>\n<h2>Crew<\/h2>\n<p><em>Written and Directed:<\/em> G\u00fcnther P. &amp; \u00c1lex Hern\u00e1ndez-Puertas<br \/>\n<em>On an original idea by: <\/em>G\u00fcnther P.<br \/>\n<em>Make-up:<\/em> Anja Zwetz<\/p>\n<h2>Technical Details<\/h2>\n<p><em> Original title:<\/em> Goodbye Myra<br \/>\n<em>Time:<\/em> 3\u203209\u201d<br \/>\n<em>Format:<\/em> HD 1080p30<br \/>\n<em>Sound:<\/em> Stereo<br \/>\n<em>Camera:<\/em> Kodak Zi8<br \/>\n<em>Nacionality:<\/em> Germany<br \/>\nShot in Frankfurt on Februar 15th, 2010<br \/>\nPremiered at NoTodoFilmFest on February 23th, 2010<\/p>\n<p>&nbsp;","protected":false},"excerpt":{"rendered":"<p>&nbsp; Description This short film, together with &#8220;The Missing Husband&#8220;, was created for the section &#8220;A movie by&#8230;&#8221; of the international film festival NoTodoFilmFest. Synopsis \u201cAna\u201d is just her stage name, but wig or no wig, things aren&#8217;t going great for her. She&#8217;s decided to put an end to everything, though not without saying farewell [&hellip;]<\/p>\n","protected":false},"author":1,"featured_media":0,"parent":68,"menu_order":5,"comment_status":"closed","ping_status":"closed","template":"","meta":{"om_disable_all_campaigns":false,"_monsterinsights_skip_tracking":false,"_monsterinsights_sitenote_active":false,"_monsterinsights_sitenote_note":"","_monsterinsights_sitenote_category":0,"ngg_post_thumbnail":0,"footnotes":""},"class_list":["post-1256","page","type-page","status-publish","hentry"],"aioseo_notices":[],"_links":{"self":[{"href":"https:\/\/alexhernandez.es\/en\/wp-json\/wp\/v2\/pages\/1256","targetHints":{"allow":["GET"]}}],"collection":[{"href":"https:\/\/alexhernandez.es\/en\/wp-json\/wp\/v2\/pages"}],"about":[{"href":"https:\/\/alexhernandez.es\/en\/wp-json\/wp\/v2\/types\/page"}],"author":[{"embeddable":true,"href":"https:\/\/alexhernandez.es\/en\/wp-json\/wp\/v2\/users\/1"}],"replies":[{"embeddable":true,"href":"https:\/\/alexhernandez.es\/en\/wp-json\/wp\/v2\/comments?post=1256"}],"version-history":[{"count":27,"href":"https:\/\/alexhernandez.es\/en\/wp-json\/wp\/v2\/pages\/1256\/revisions"}],"predecessor-version":[{"id":5767,"href":"https:\/\/alexhernandez.es\/en\/wp-json\/wp\/v2\/pages\/1256\/revisions\/5767"}],"up":[{"embeddable":true,"href":"https:\/\/alexhernandez.es\/en\/wp-json\/wp\/v2\/pages\/68"}],"wp:attachment":[{"href":"https:\/\/alexhernandez.es\/en\/wp-json\/wp\/v2\/media?parent=1256"}],"curies":[{"name":"wp","href":"https:\/\/api.w.org\/{rel}","templated":true}]}}