{"id":1255,"date":"2010-03-13T22:29:21","date_gmt":"2010-03-13T20:29:21","guid":{"rendered":"http:\/\/alexhernandez.es\/?page_id=1255"},"modified":"2020-03-17T15:09:48","modified_gmt":"2020-03-17T13:09:48","slug":"the-missing-husband","status":"publish","type":"page","link":"https:\/\/alexhernandez.es\/en\/obras\/cine\/the-missing-husband\/","title":{"rendered":"The Missing Husband"},"content":{"rendered":"&nbsp;<\/p>\n<h2><img loading=\"lazy\" decoding=\"async\" class=\"alignright\" title=\"Poster The Missing Husband\" src=\"https:\/\/alexhernandez.es\/images\/MissingHusband300.jpg\" alt=\"\" width=\"300\" height=\"378\">Description<\/h2>\n<p>This short film, together with &#8220;<a href=\"https:\/\/alexhernandez.es\/en\/cine\/goodbye-myra\/\">Goodbye Myra<\/a>&#8220;, was created for the section &#8220;A movie by&#8230;&#8221; of the international film festival NoTodoFilmFest.<\/p>\n<h2>Synopsis<\/h2>\n<p>Ana ignores the reason why she lives trapped under surveillance. She wants to scape, but first she needs to learn the place where her captors are keeping her husband.<\/p>\n<h2>Roles<\/h2>\n<p>Writing, directing, editing and soundtrack.<\/p>\n<h2>Sountrack<\/h2>\n<p>For the soundtrack I wrote this simple theme:<br \/>\n<span id=\"mp3jWrap_1\" class=\"mjp-s-wrapper s-graphic unsel-mjp  sdl_after\"><span id=\"playpause_wrap_mp3j_1\" class=\"wrap_inline_mp3j\" style=\"font-weight:700;\"><span class=\"gfxbutton_mp3j play-mjp\" id=\"playpause_mp3j_1\" style=\"font-size:14px;\">&nbsp;&nbsp;&nbsp;&nbsp;&nbsp;<\/span>&nbsp;<span class=\"group_wrap\"><span class=\"bars_mp3j\"><span class=\"loadB_mp3j\" id=\"load_mp3j_1\"><\/span><span class=\"posbarB_mp3j\" id=\"posbar_mp3j_1\"><\/span><\/span><span class=\"T_mp3j\" id=\"T_mp3j_1\" style=\"font-size:14px;\">The Missing Husband<\/span><span class=\"indi_mp3j\" style=\"font-size:9.8px;\" id=\"statusMI_1\"><\/span><\/span><\/span><\/span><span class=\"s-nosolution\" id=\"mp3j_nosolution_1\" style=\"display:none;\"><\/span><script>\nMP3jPLAYLISTS.inline_1 = [\n\t{ name: \"TheMissingHusband\", formats: [\"mp3\"], mp3: \"aHR0cHM6Ly9hbGV4aGVybmFuZGV6LmVzL2Rlc2Nhcmdhcy9UaGVNaXNzaW5nSHVzYmFuZC5tcDM=\", counterpart:\"\", artist: \"\", image: \"\", imgurl: \"\" }\n];\n<\/script>\n\n<script>MP3jPLAYERS[1] = { list: MP3jPLAYLISTS.inline_1, tr:0, type:'single', lstate:'', loop:false, play_txt:'&nbsp;&nbsp;&nbsp;&nbsp;&nbsp;', pause_txt:'&nbsp;&nbsp;&nbsp;&nbsp;&nbsp;', pp_title:'', autoplay:false, download:true, vol:90, height:'' };<\/script>\n<h2>Awards<\/h2>\n<p><a href=\"http:\/\/www.notodofilmfest.com\/ediciones\/09\/?lg=en&amp;tipoApartado=upd_finalistas\" target=\"_blank\" rel=\"noopener noreferrer\">Finalist in the section &#8220;A movie by&#8230;&#8221;<\/a> of the NoTodoFilmFest.<\/p>\n<h2>The movie<\/h2>\n<p><iframe loading=\"lazy\" src=\"https:\/\/www.youtube.com\/embed\/VofcpKcUhEA\" width=\"560\" height=\"315\" frameborder=\"0\" allowfullscreen=\"allowfullscreen\"><\/iframe><\/p>\n<h2>Cast<\/h2>\n<p><em>Ana:<\/em> Anja Zwetz<br \/>\n<em>Doctor:<\/em> G\u00fcnther P.<br \/>\n<em>Sam:<\/em> Alexandre Sequard<\/p>\n<h2>Crew<\/h2>\n<p><em>Writing &amp; Directing:<\/em> \u00c1lex Hern\u00e1ndez-Puertas<br \/>\n<em>Direction Assistant:<\/em> J. Ignacio Le\u00f3n L\u00f3pez<br \/>\n<em>Production Assistands:<\/em> Estibaliz Bilbao Gallardo, Carlos Mart\u00edn Cabrera, Knut M\u00faller, Marc Dur\u00e1n<br \/>\n<em>Wardrobe Assistant:<\/em> Dani Herr\u00f3n<br \/>\n<em>Music:<\/em> \u00c1lex Hern\u00e1ndez-Puertas<br \/>\n<em>Special Thanks:<\/em> Sascha Zwetz, Michel &amp; Verena, Fidel Mart\u00edn Lorite, Daniel Blasco Marcos<\/p>\n<h2>Technical details<\/h2>\n<p><em> Original title:<\/em> The Missing Husband<br \/>\n<em>Time:<\/em> 3\u203215\u201d<br \/>\n<em>Format:<\/em> HD 1080p30<br \/>\n<em>Sound:<\/em> Stereo<br \/>\n<em>Camera:<\/em> Kodak Zi8<br \/>\n<em>Nacionality:<\/em> Spain\/Germany<br \/>\nShot in Frankfurt on February 4th and 7th, 2010<br \/>\nPremiered ay NoTodoFilmFest on February 26th, 2010","protected":false},"excerpt":{"rendered":"<p>&nbsp; Description This short film, together with &#8220;Goodbye Myra&#8220;, was created for the section &#8220;A movie by&#8230;&#8221; of the international film festival NoTodoFilmFest. Synopsis Ana ignores the reason why she lives trapped under surveillance. She wants to scape, but first she needs to learn the place where her captors are keeping her husband. Roles Writing, [&hellip;]<\/p>\n","protected":false},"author":1,"featured_media":0,"parent":68,"menu_order":6,"comment_status":"closed","ping_status":"closed","template":"","meta":{"om_disable_all_campaigns":false,"_monsterinsights_skip_tracking":false,"_monsterinsights_sitenote_active":false,"_monsterinsights_sitenote_note":"","_monsterinsights_sitenote_category":0,"ngg_post_thumbnail":0,"footnotes":""},"class_list":["post-1255","page","type-page","status-publish","hentry"],"aioseo_notices":[],"_links":{"self":[{"href":"https:\/\/alexhernandez.es\/en\/wp-json\/wp\/v2\/pages\/1255","targetHints":{"allow":["GET"]}}],"collection":[{"href":"https:\/\/alexhernandez.es\/en\/wp-json\/wp\/v2\/pages"}],"about":[{"href":"https:\/\/alexhernandez.es\/en\/wp-json\/wp\/v2\/types\/page"}],"author":[{"embeddable":true,"href":"https:\/\/alexhernandez.es\/en\/wp-json\/wp\/v2\/users\/1"}],"replies":[{"embeddable":true,"href":"https:\/\/alexhernandez.es\/en\/wp-json\/wp\/v2\/comments?post=1255"}],"version-history":[{"count":25,"href":"https:\/\/alexhernandez.es\/en\/wp-json\/wp\/v2\/pages\/1255\/revisions"}],"predecessor-version":[{"id":6024,"href":"https:\/\/alexhernandez.es\/en\/wp-json\/wp\/v2\/pages\/1255\/revisions\/6024"}],"up":[{"embeddable":true,"href":"https:\/\/alexhernandez.es\/en\/wp-json\/wp\/v2\/pages\/68"}],"wp:attachment":[{"href":"https:\/\/alexhernandez.es\/en\/wp-json\/wp\/v2\/media?parent=1255"}],"curies":[{"name":"wp","href":"https:\/\/api.w.org\/{rel}","templated":true}]}}